{"id":3843,"date":"2021-08-08T10:22:50","date_gmt":"2021-08-08T10:22:50","guid":{"rendered":"https:\/\/annaroberta.com\/?page_id=3843"},"modified":"2021-08-08T10:22:50","modified_gmt":"2021-08-08T10:22:50","slug":"3843-2","status":"publish","type":"page","link":"https:\/\/annaroberta.com\/en\/3843-2\/","title":{"rendered":""},"content":{"rendered":"<section class=\"l-section wpb_row height_medium full_height valign_center color_primary with_img parallax_ver\"><div class=\"l-section-img\" style=\"background-image: url(https:\/\/annaroberta.com\/wp-content\/uploads\/2021\/11\/Anna-Roberta-kontakt.jpg);\"><\/div><div class=\"l-section-overlay\" style=\"background:rgba(0,0,0,0.33)\"><\/div><div class=\"l-section-h i-cf\"><div class=\"g-cols vc_row via_flex valign_top type_default stacking_default\"><div class=\"vc_col-sm-12 wpb_column vc_column_container\"><div class=\"vc_column-inner\"><div class=\"wpb_wrapper\"><div class=\"wpb_text_column\"><div class=\"wpb_wrapper\"><h2 style=\"text-align: center;\"><strong>Anna Roberta<\/strong><\/h2>\n<p style=\"text-align: center;\">Professional ballerina &#8211; yes, for real!<\/p>\n<\/div><\/div><div class=\"w-separator size_small\"><\/div><div class=\"w-btn-wrapper align_center\"><a class=\"w-btn us-btn-style_1\" title=\"About\" href=\"https:\/\/annaroberta.com\/en\/minust\/\"><span class=\"w-btn-label\">About<\/span><\/a><\/div><\/div><\/div><\/div><\/div><\/div><\/section><section class=\"l-section wpb_row height_medium full_height valign_center color_primary with_img parallax_ver\"><div class=\"l-section-img\" style=\"background-image: url(https:\/\/annaroberta.com\/wp-content\/uploads\/2021\/11\/Anna-Roberta-kontakt.jpg);\"><\/div><div class=\"l-section-overlay\" style=\"background:linear-gradient(180deg,rgba(0,0,0,0.35),rgba(0,0,0,0.90))\"><\/div><div class=\"l-section-h i-cf\"><div class=\"g-cols vc_row via_flex valign_top type_default stacking_default\"><div class=\"vc_col-sm-12 wpb_column vc_column_container\"><div class=\"vc_column-inner\"><div class=\"wpb_wrapper\"><div class=\"wpb_text_column\"><div class=\"wpb_wrapper\"><h2 style=\"text-align: center;\"><strong>Media<\/strong><\/h2>\n<p style=\"text-align: center;\">Don\u00b4t worry - there is no yellow media! Here is all of my professional media coverage.<\/p>\n<\/div><\/div><div class=\"w-separator size_small\"><\/div><div class=\"w-btn-wrapper align_center\"><a class=\"w-btn us-btn-style_1\" href=\"\/en\/tours\/\"><span class=\"w-btn-label\">Articles<\/span><\/a><\/div><\/div><\/div><\/div><\/div><\/div><\/section><!-- Row Backgrounds --><div class=\"upb_grad\" data-grad=\"background: -webkit-gradient(linear, left top, left bottom, color-stop(0%, #E3E3E3), color-stop(90%, #000000), color-stop(100%, #8A8A8A));background: -moz-linear-gradient(top,#E3E3E3 0%,#000000 90%,#8A8A8A 100%);background: -webkit-linear-gradient(top,#E3E3E3 0%,#000000 90%,#8A8A8A 100%);background: -o-linear-gradient(top,#E3E3E3 0%,#000000 90%,#8A8A8A 100%);background: -ms-linear-gradient(top,#E3E3E3 0%,#000000 90%,#8A8A8A 100%);background: linear-gradient(top,#E3E3E3 0%,#000000 90%,#8A8A8A 100%);\" data-bg-override=\"0\" data-upb-overlay-color=\"\" data-upb-bg-animation=\"\" data-fadeout=\"\" data-fadeout-percentage=\"30\" data-parallax-content=\"\" data-parallax-content-sense=\"30\" data-row-effect-mobile-disable=\"true\" data-img-parallax-mobile-disable=\"true\" data-rtl=\"false\"  data-custom-vc-row=\"\"  data-vc=\"6.13.0\"  data-is_old_vc=\"\"  data-theme-support=\"\"   data-overlay=\"false\" data-overlay-color=\"\" data-overlay-pattern=\"\" data-overlay-pattern-opacity=\"\" data-overlay-pattern-size=\"\"    ><\/div><section class=\"l-section wpb_row height_medium full_height valign_center color_primary with_img parallax_ver\"><div class=\"l-section-img\" style=\"background-image: url(https:\/\/annaroberta.com\/wp-content\/uploads\/2021\/11\/Anna-Roberta-kontakt.jpg);\"><\/div><div class=\"l-section-overlay\" style=\"background:rgba(0,0,0,0.33)\"><\/div><div class=\"l-section-h i-cf\"><div class=\"g-cols vc_row via_flex valign_top type_default stacking_default\"><div class=\"vc_col-sm-12 wpb_column vc_column_container\"><div class=\"vc_column-inner\"><div class=\"wpb_wrapper\"><div class=\"wpb_text_column\"><div class=\"wpb_wrapper\"><h2 style=\"text-align: center;\"><strong>Blog<\/strong><\/h2>\n<p style=\"text-align: center;\">I\u00b4m sharing my thoughts and pieces from ballet world and also my private life.<\/p>\n<\/div><\/div><div class=\"w-separator size_small\"><\/div><div class=\"w-btn-wrapper align_center\"><a class=\"w-btn us-btn-style_1\" title=\"(no title)\" href=\"https:\/\/annaroberta.com\/en\/blogi\/\"><span class=\"w-btn-label\">READ<\/span><\/a><\/div><\/div><\/div><\/div><\/div><\/div><\/section><section class=\"l-section wpb_row height_medium full_height valign_center color_primary with_img parallax_ver\"><div class=\"l-section-img\" style=\"background-image: url(https:\/\/annaroberta.com\/wp-content\/uploads\/2021\/11\/Anna-Roberta-kontakt.jpg);\"><\/div><div class=\"l-section-overlay\" style=\"background:rgba(0,0,0,0.33)\"><\/div><div class=\"l-section-h i-cf\"><div class=\"g-cols vc_row via_flex valign_top type_default stacking_default\"><div class=\"vc_col-sm-3 wpb_column vc_column_container\"><div class=\"vc_column-inner\"><div class=\"wpb_wrapper\"><div class=\"w-separator size_small\"><\/div><\/div><\/div><\/div><div class=\"vc_col-sm-6 wpb_column vc_column_container\"><div class=\"vc_column-inner\"><div class=\"wpb_wrapper\"><div class=\"wpb_text_column\"><div class=\"wpb_wrapper\"><h2 style=\"text-align: center;\"><strong>Calendar<\/strong><\/h2>\n<p style=\"text-align: center;\">You want to see me on stage?<br \/>\nFind the time!<\/p>\n<\/div><\/div><div class=\"w-btn-wrapper align_center\"><a class=\"w-btn us-btn-style_1\" title=\"Calendar\" href=\"https:\/\/annaroberta.com\/en\/kalender\/\"><span class=\"w-btn-label\">See calendar<\/span><\/a><\/div><\/div><\/div><\/div><div class=\"vc_col-sm-3 wpb_column vc_column_container\"><div class=\"vc_column-inner\"><div class=\"wpb_wrapper\"><div class=\"w-scroller style_2 pos_right with_dots\" aria-hidden=\"true\" data-speed=\"1000\" data-disablewidth=\"768\"><div class=\"w-scroller-dots\" style=\"font-size:20px;\"><div class=\"w-scroller-dot\"><span><\/span><\/div><\/div><\/div><\/div><\/div><\/div><\/div><\/div><\/section>","protected":false},"excerpt":{"rendered":"Anna Roberta Professional ballerina &#8211; yes, for real! MinustMeedia \u00c4ra muretse &#8211; Kroonikat siin ei ole! Siit leiad k\u00f5ik minu t\u00f6\u00f6alased meediakajastused. KajastusedBlogi Jagan Sinuga oma m\u00f5tteid ja kilde nii balletimaailmast kui ka tavaelust. Loe blogiKalender Soovid mulle saali kaasa elama tulla? Leia endale parim aeg! Vaata kalendrit","protected":false},"author":1,"featured_media":0,"parent":0,"menu_order":0,"comment_status":"closed","ping_status":"closed","template":"","meta":{"footnotes":""},"class_list":["post-3843","page","type-page","status-publish","hentry"],"yoast_head":"<!-- This site is optimized with the Yoast SEO plugin v21.6 - https:\/\/yoast.com\/wordpress\/plugins\/seo\/ -->\n<title>- Anna Roberta<\/title>\n<meta name=\"robots\" content=\"index, follow, max-snippet:-1, max-image-preview:large, max-video-preview:-1\" \/>\n<link rel=\"canonical\" href=\"https:\/\/annaroberta.com\/en\/3843-2\/\" \/>\n<meta property=\"og:locale\" content=\"en_US\" \/>\n<meta property=\"og:type\" content=\"article\" \/>\n<meta property=\"og:title\" content=\"- Anna Roberta\" \/>\n<meta property=\"og:url\" content=\"https:\/\/annaroberta.com\/en\/3843-2\/\" \/>\n<meta property=\"og:site_name\" content=\"Anna Roberta\" \/>\n<meta name=\"twitter:card\" content=\"summary_large_image\" \/>\n<meta name=\"twitter:label1\" content=\"Est. reading time\" \/>\n\t<meta name=\"twitter:data1\" content=\"1 minute\" \/>\n<script type=\"application\/ld+json\" class=\"yoast-schema-graph\">{\"@context\":\"https:\/\/schema.org\",\"@graph\":[{\"@type\":\"WebPage\",\"@id\":\"https:\/\/annaroberta.com\/3843-2\/\",\"url\":\"https:\/\/annaroberta.com\/3843-2\/\",\"name\":\"- Anna Roberta\",\"isPartOf\":{\"@id\":\"https:\/\/annaroberta.com\/#website\"},\"datePublished\":\"2021-08-08T10:22:50+00:00\",\"dateModified\":\"2021-08-08T10:22:50+00:00\",\"inLanguage\":\"en-US\",\"potentialAction\":[{\"@type\":\"ReadAction\",\"target\":[\"https:\/\/annaroberta.com\/3843-2\/\"]}]},{\"@type\":\"WebSite\",\"@id\":\"https:\/\/annaroberta.com\/#website\",\"url\":\"https:\/\/annaroberta.com\/\",\"name\":\"Anna Roberta\",\"description\":\"Eesti Rahvusballeti esitantsija\",\"publisher\":{\"@id\":\"https:\/\/annaroberta.com\/#\/schema\/person\/76369af4c4095611389eacea884062e4\"},\"potentialAction\":[{\"@type\":\"SearchAction\",\"target\":{\"@type\":\"EntryPoint\",\"urlTemplate\":\"https:\/\/annaroberta.com\/?s={search_term_string}\"},\"query-input\":\"required name=search_term_string\"}],\"inLanguage\":\"en-US\"},{\"@type\":[\"Person\",\"Organization\"],\"@id\":\"https:\/\/annaroberta.com\/#\/schema\/person\/76369af4c4095611389eacea884062e4\",\"name\":\"Anna Roberta\",\"image\":{\"@type\":\"ImageObject\",\"inLanguage\":\"en-US\",\"@id\":\"https:\/\/annaroberta.com\/#\/schema\/person\/image\/\",\"url\":\"https:\/\/secure.gravatar.com\/avatar\/a7ccf10744a8af44a09a734fc3e6b78bdfe25b2c4cdcf1201161d10703de5211?s=96&d=mm&r=g\",\"contentUrl\":\"https:\/\/secure.gravatar.com\/avatar\/a7ccf10744a8af44a09a734fc3e6b78bdfe25b2c4cdcf1201161d10703de5211?s=96&d=mm&r=g\",\"caption\":\"Anna Roberta\"},\"logo\":{\"@id\":\"https:\/\/annaroberta.com\/#\/schema\/person\/image\/\"},\"sameAs\":[\"https:\/\/annaroberta.com\"]}]}<\/script>\n<!-- \/ Yoast SEO plugin. -->","yoast_head_json":{"title":"- Anna Roberta","robots":{"index":"index","follow":"follow","max-snippet":"max-snippet:-1","max-image-preview":"max-image-preview:large","max-video-preview":"max-video-preview:-1"},"canonical":"https:\/\/annaroberta.com\/en\/3843-2\/","og_locale":"en_US","og_type":"article","og_title":"- Anna Roberta","og_url":"https:\/\/annaroberta.com\/en\/3843-2\/","og_site_name":"Anna Roberta","twitter_card":"summary_large_image","twitter_misc":{"Est. reading time":"1 minute"},"schema":{"@context":"https:\/\/schema.org","@graph":[{"@type":"WebPage","@id":"https:\/\/annaroberta.com\/3843-2\/","url":"https:\/\/annaroberta.com\/3843-2\/","name":"- Anna Roberta","isPartOf":{"@id":"https:\/\/annaroberta.com\/#website"},"datePublished":"2021-08-08T10:22:50+00:00","dateModified":"2021-08-08T10:22:50+00:00","inLanguage":"en-US","potentialAction":[{"@type":"ReadAction","target":["https:\/\/annaroberta.com\/3843-2\/"]}]},{"@type":"WebSite","@id":"https:\/\/annaroberta.com\/#website","url":"https:\/\/annaroberta.com\/","name":"Anna Roberta","description":"Eesti Rahvusballeti esitantsija","publisher":{"@id":"https:\/\/annaroberta.com\/#\/schema\/person\/76369af4c4095611389eacea884062e4"},"potentialAction":[{"@type":"SearchAction","target":{"@type":"EntryPoint","urlTemplate":"https:\/\/annaroberta.com\/?s={search_term_string}"},"query-input":"required name=search_term_string"}],"inLanguage":"en-US"},{"@type":["Person","Organization"],"@id":"https:\/\/annaroberta.com\/#\/schema\/person\/76369af4c4095611389eacea884062e4","name":"Anna Roberta","image":{"@type":"ImageObject","inLanguage":"en-US","@id":"https:\/\/annaroberta.com\/#\/schema\/person\/image\/","url":"https:\/\/secure.gravatar.com\/avatar\/a7ccf10744a8af44a09a734fc3e6b78bdfe25b2c4cdcf1201161d10703de5211?s=96&d=mm&r=g","contentUrl":"https:\/\/secure.gravatar.com\/avatar\/a7ccf10744a8af44a09a734fc3e6b78bdfe25b2c4cdcf1201161d10703de5211?s=96&d=mm&r=g","caption":"Anna Roberta"},"logo":{"@id":"https:\/\/annaroberta.com\/#\/schema\/person\/image\/"},"sameAs":["https:\/\/annaroberta.com"]}]}},"_links":{"self":[{"href":"https:\/\/annaroberta.com\/en\/wp-json\/wp\/v2\/pages\/3843","targetHints":{"allow":["GET"]}}],"collection":[{"href":"https:\/\/annaroberta.com\/en\/wp-json\/wp\/v2\/pages"}],"about":[{"href":"https:\/\/annaroberta.com\/en\/wp-json\/wp\/v2\/types\/page"}],"author":[{"embeddable":true,"href":"https:\/\/annaroberta.com\/en\/wp-json\/wp\/v2\/users\/1"}],"replies":[{"embeddable":true,"href":"https:\/\/annaroberta.com\/en\/wp-json\/wp\/v2\/comments?post=3843"}],"version-history":[{"count":1,"href":"https:\/\/annaroberta.com\/en\/wp-json\/wp\/v2\/pages\/3843\/revisions"}],"predecessor-version":[{"id":3844,"href":"https:\/\/annaroberta.com\/en\/wp-json\/wp\/v2\/pages\/3843\/revisions\/3844"}],"wp:attachment":[{"href":"https:\/\/annaroberta.com\/en\/wp-json\/wp\/v2\/media?parent=3843"}],"curies":[{"name":"wp","href":"https:\/\/api.w.org\/{rel}","templated":true}]}}