{"id":3709,"date":"2021-05-15T12:14:55","date_gmt":"2021-05-15T12:14:55","guid":{"rendered":"https:\/\/annaroberta.com\/?page_id=3709"},"modified":"2021-11-08T20:22:35","modified_gmt":"2021-11-08T20:22:35","slug":"blogi","status":"publish","type":"page","link":"https:\/\/annaroberta.com\/en\/blogi\/","title":{"rendered":"Bridge to Ballet"},"content":{"rendered":"<section class=\"l-section wpb_row height_medium width_full\"><div class=\"l-section-h i-cf\"><div class=\"g-cols vc_row via_flex valign_top type_default stacking_default\"><div class=\"vc_col-sm-12 wpb_column vc_column_container\"><div class=\"vc_column-inner\"><div class=\"wpb_wrapper\"><h1 class=\"w-post-elm post_title us_custom_47ffbcae align_center entry-title color_link_inherit\">Bridge to Ballet<\/h1><div class=\"w-separator size_small\"><\/div><div class=\"w-grid us_custom_ff837323 type_grid layout_blog_6 cols_3 ratio_4x3\" id=\"us_grid_1\" style=\"--gap:2.5rem;\" data-filterable=\"true\"><style>@media (max-width:1399px){#us_grid_1 .w-grid-item{width:50%}#us_grid_1 .w-grid-item.size_2x1,#us_grid_1 .w-grid-item.size_2x2{width:100%}}@media (max-width:1024px){#us_grid_1 .w-grid-list{margin:0}#us_grid_1 .w-grid-item{width:100%;padding:0;margin-bottom:var(--gap,0px)}}@media (max-width:600px){#us_grid_1 .w-grid-list{margin:0}#us_grid_1 .w-grid-item{width:100%;padding:0;margin-bottom:var(--gap,0px)}}.layout_blog_6 .w-grid-item-h:before{padding-bottom:75%}@media (min-width:601px){.layout_blog_6 .w-grid-item.size_1x2 .w-grid-item-h:before{padding-bottom:calc(150% + var(--gap,0px) * 2)}.layout_blog_6 .w-grid-item.size_2x1 .w-grid-item-h:before{padding-bottom:calc(37.5% - var(--gap,0px) * 0.75)}.layout_blog_6 .w-grid-item.size_2x2 .w-grid-item-h:before{padding-bottom:calc(75% - var(--gap,0px) * -0.5)}}.layout_blog_6 .w-grid-item-h{}.layout_blog_6 .usg_post_image_1{transition-duration:0.3s;transform-origin:50% 50%;transform:scale(1) translate(0%,0%)}.layout_blog_6 .w-grid-item-h:hover .usg_post_image_1{transform:scale(1.1) translate(0%,0%);opacity:1}.layout_blog_6 .usg_post_image_1{position:absolute!important;top:0!important;right:0!important;bottom:0!important;left:0!important}.layout_blog_6 .usg_post_title_1{font-size:1.4rem!important;color:inherit!important}.layout_blog_6 .usg_post_taxonomy_1{font-weight:700!important;text-transform:uppercase!important;margin-right:0.6rem!important}.layout_blog_6 .usg_vwrapper_1{color:var(--color-content-heading)!important;position:absolute!important;left:0!important;right:2rem!important;bottom:0!important;padding-top:0.8rem!important;padding-right:2rem!important;background:var(--color-content-bg)!important}.layout_blog_6 .usg_hwrapper_1{font-size:14px!important;line-height:20px!important;color:var(--color-content-faded)!important}@media (max-width:600px){.layout_blog_6 .usg_post_title_1{font-size:1.2rem!important}}<\/style><div class=\"w-grid-list\">\t<article class=\"w-grid-item size_1x1 post-4303 post type-post status-publish format-standard has-post-thumbnail hentry category-blogi tag-blogi\" data-id=\"4303\">\r\n\t\t<div class=\"w-grid-item-h\">\r\n\t\t\t\t\t\t<div class=\"w-post-elm post_image usg_post_image_1 stretched\"><a href=\"https:\/\/annaroberta.com\/en\/blogi\/mis-on-balletietenduses-roll\/\" aria-label=\"What is a role in ballet?\"><img decoding=\"async\" width=\"1024\" height=\"654\" src=\"https:\/\/annaroberta.com\/wp-content\/uploads\/2021\/11\/Anna-Karenina-2020-Anna-Roberta-20-1-1024x654.jpg\" class=\"attachment-large size-large wp-post-image\" alt=\"\" srcset=\"https:\/\/annaroberta.com\/wp-content\/uploads\/2021\/11\/Anna-Karenina-2020-Anna-Roberta-20-1-1024x654.jpg 1024w, https:\/\/annaroberta.com\/wp-content\/uploads\/2021\/11\/Anna-Karenina-2020-Anna-Roberta-20-1-300x192.jpg 300w, https:\/\/annaroberta.com\/wp-content\/uploads\/2021\/11\/Anna-Karenina-2020-Anna-Roberta-20-1-18x12.jpg 18w, https:\/\/annaroberta.com\/wp-content\/uploads\/2021\/11\/Anna-Karenina-2020-Anna-Roberta-20-1-38x24.jpg 38w, https:\/\/annaroberta.com\/wp-content\/uploads\/2021\/11\/Anna-Karenina-2020-Anna-Roberta-20-1-600x383.jpg 600w\" sizes=\"(max-width: 1024px) 100vw, 1024px\" \/><\/a><\/div><div class=\"w-vwrapper usg_vwrapper_1 has_text_color align_none valign_top\"><div class=\"w-hwrapper usg_hwrapper_1 has_text_color align_none valign_top wrap\"><div class=\"w-post-elm post_taxonomy usg_post_taxonomy_1 style_simple\"><a class=\"term-27 term-blogi\" href=\"https:\/\/annaroberta.com\/en\/category\/blogi\/\">Blog<\/a><\/div><time class=\"w-post-elm post_date usg_post_date_1 entry-date published\" datetime=\"2022-02-28T10:48:02+02:00\" title=\"28 February 2022 at 10:48:02 Europe\/Tallinn\">4 years ago<\/time><\/div><h2 class=\"w-post-elm post_title usg_post_title_1 has_text_color entry-title color_link_inherit\"><a href=\"https:\/\/annaroberta.com\/en\/blogi\/mis-on-balletietenduses-roll\/\">What is a role in ballet?<\/a><\/h2><\/div>\t\t<\/div>\r\n\t<\/article>\r\n\t<article class=\"w-grid-item size_1x1 post-4292 post type-post status-publish format-standard has-post-thumbnail hentry category-blogi tag-blogi\" data-id=\"4292\">\r\n\t\t<div class=\"w-grid-item-h\">\r\n\t\t\t\t\t\t<div class=\"w-post-elm post_image usg_post_image_1 stretched\"><a href=\"https:\/\/annaroberta.com\/en\/blogi\/mentaalne-valmisolek-laval\/\" aria-label=\"Mental readiness on stage\"><img decoding=\"async\" width=\"1024\" height=\"683\" src=\"https:\/\/annaroberta.com\/wp-content\/uploads\/2021\/11\/Mentaalne-valmisolek-Anna-Roberta-1024x683.jpg\" class=\"attachment-large size-large wp-post-image\" alt=\"\" srcset=\"https:\/\/annaroberta.com\/wp-content\/uploads\/2021\/11\/Mentaalne-valmisolek-Anna-Roberta-1024x683.jpg 1024w, https:\/\/annaroberta.com\/wp-content\/uploads\/2021\/11\/Mentaalne-valmisolek-Anna-Roberta-300x200.jpg 300w, https:\/\/annaroberta.com\/wp-content\/uploads\/2021\/11\/Mentaalne-valmisolek-Anna-Roberta-18x12.jpg 18w, https:\/\/annaroberta.com\/wp-content\/uploads\/2021\/11\/Mentaalne-valmisolek-Anna-Roberta-36x24.jpg 36w, https:\/\/annaroberta.com\/wp-content\/uploads\/2021\/11\/Mentaalne-valmisolek-Anna-Roberta-600x400.jpg 600w, https:\/\/annaroberta.com\/wp-content\/uploads\/2021\/11\/Mentaalne-valmisolek-Anna-Roberta.jpg 1170w\" sizes=\"(max-width: 1024px) 100vw, 1024px\" \/><\/a><\/div><div class=\"w-vwrapper usg_vwrapper_1 has_text_color align_none valign_top\"><div class=\"w-hwrapper usg_hwrapper_1 has_text_color align_none valign_top wrap\"><div class=\"w-post-elm post_taxonomy usg_post_taxonomy_1 style_simple\"><a class=\"term-27 term-blogi\" href=\"https:\/\/annaroberta.com\/en\/category\/blogi\/\">Blog<\/a><\/div><time class=\"w-post-elm post_date usg_post_date_1 entry-date published\" datetime=\"2021-11-22T10:00:15+02:00\" title=\"22 November 2021 at 10:00:15 Europe\/Tallinn\">4 years ago<\/time><\/div><h2 class=\"w-post-elm post_title usg_post_title_1 has_text_color entry-title color_link_inherit\"><a href=\"https:\/\/annaroberta.com\/en\/blogi\/mentaalne-valmisolek-laval\/\">Mental readiness on stage<\/a><\/h2><\/div>\t\t<\/div>\r\n\t<\/article>\r\n\t<article class=\"w-grid-item size_1x1 post-3980 post type-post status-publish format-standard has-post-thumbnail hentry category-blogi tag-blogi\" data-id=\"3980\">\r\n\t\t<div class=\"w-grid-item-h\">\r\n\t\t\t\t\t\t<div class=\"w-post-elm post_image usg_post_image_1 stretched\"><a href=\"https:\/\/annaroberta.com\/en\/blogi\/eneseareng-ja-raskuste-uletamine\/\" aria-label=\"Self-development and overcoming difficulties\"><img decoding=\"async\" width=\"819\" height=\"1024\" src=\"https:\/\/annaroberta.com\/wp-content\/uploads\/2021\/11\/Anna-Roberta-portrait-by-Veljo-Poom-11-819x1024.jpeg\" class=\"attachment-large size-large wp-post-image\" alt=\"\" srcset=\"https:\/\/annaroberta.com\/wp-content\/uploads\/2021\/11\/Anna-Roberta-portrait-by-Veljo-Poom-11-819x1024.jpeg 819w, https:\/\/annaroberta.com\/wp-content\/uploads\/2021\/11\/Anna-Roberta-portrait-by-Veljo-Poom-11-240x300.jpeg 240w, https:\/\/annaroberta.com\/wp-content\/uploads\/2021\/11\/Anna-Roberta-portrait-by-Veljo-Poom-11-10x12.jpeg 10w, https:\/\/annaroberta.com\/wp-content\/uploads\/2021\/11\/Anna-Roberta-portrait-by-Veljo-Poom-11-19x24.jpeg 19w, https:\/\/annaroberta.com\/wp-content\/uploads\/2021\/11\/Anna-Roberta-portrait-by-Veljo-Poom-11-320x400.jpeg 320w, https:\/\/annaroberta.com\/wp-content\/uploads\/2021\/11\/Anna-Roberta-portrait-by-Veljo-Poom-11-scaled.jpeg 2048w\" sizes=\"(max-width: 819px) 100vw, 819px\" \/><\/a><\/div><div class=\"w-vwrapper usg_vwrapper_1 has_text_color align_none valign_top\"><div class=\"w-hwrapper usg_hwrapper_1 has_text_color align_none valign_top wrap\"><div class=\"w-post-elm post_taxonomy usg_post_taxonomy_1 style_simple\"><a class=\"term-27 term-blogi\" href=\"https:\/\/annaroberta.com\/en\/category\/blogi\/\">Blog<\/a><\/div><time class=\"w-post-elm post_date usg_post_date_1 entry-date published\" datetime=\"2021-11-15T10:00:00+02:00\" title=\"15 November 2021 at 10:00:00 Europe\/Tallinn\">4 years ago<\/time><\/div><h2 class=\"w-post-elm post_title usg_post_title_1 has_text_color entry-title color_link_inherit\"><a href=\"https:\/\/annaroberta.com\/en\/blogi\/eneseareng-ja-raskuste-uletamine\/\">Self-development and overcoming difficulties<\/a><\/h2><\/div>\t\t<\/div>\r\n\t<\/article>\r\n<\/div><div class=\"w-grid-preloader\"><div class=\"g-preloader type_1\">\r\n\t<div><\/div>\r\n<\/div>\r\n<\/div>\t\t<div class=\"g-loadmore\">\r\n\t\t\t<div class=\"g-preloader type_1\">\r\n\t\t\t\t<div><\/div>\r\n\t\t\t<\/div>\r\n\t\t\t<button class=\"w-btn us-btn-style_1\">\r\n\t\t\t\t<span class=\"w-btn-label\">Load More<\/span>\r\n\t\t\t<\/button>\r\n\t\t<\/div>\r\n\t\t\t<div class=\"w-grid-json hidden\" onclick='return {&quot;action&quot;:&quot;us_ajax_grid&quot;,&quot;ajax_url&quot;:&quot;https:\\\/\\\/annaroberta.com\\\/wp-admin\\\/admin-ajax.php&quot;,&quot;infinite_scroll&quot;:true,&quot;max_num_pages&quot;:2,&quot;pagination&quot;:&quot;ajax&quot;,&quot;permalink_url&quot;:&quot;https:\\\/\\\/annaroberta.com\\\/en\\\/wp-json\\\/wp\\\/v2\\\/pages\\\/3709&quot;,&quot;template_vars&quot;:{&quot;columns&quot;:&quot;3&quot;,&quot;exclude_items&quot;:&quot;none&quot;,&quot;img_size&quot;:&quot;default&quot;,&quot;ignore_items_size&quot;:0,&quot;items_layout&quot;:&quot;blog_6&quot;,&quot;items_offset&quot;:&quot;1&quot;,&quot;load_animation&quot;:&quot;none&quot;,&quot;overriding_link&quot;:&quot;none&quot;,&quot;post_id&quot;:0,&quot;query_args&quot;:{&quot;post_type&quot;:[&quot;post&quot;],&quot;tax_query&quot;:[{&quot;taxonomy&quot;:&quot;category&quot;,&quot;field&quot;:&quot;slug&quot;,&quot;terms&quot;:[&quot;blogi&quot;]},{&quot;taxonomy&quot;:&quot;post_tag&quot;,&quot;field&quot;:&quot;slug&quot;,&quot;terms&quot;:[&quot;blogi&quot;]}],&quot;post_status&quot;:[&quot;publish&quot;,&quot;expired&quot;,&quot;preview&quot;],&quot;posts_per_page&quot;:&quot;3&quot;},&quot;orderby_query_args&quot;:{&quot;orderby&quot;:{&quot;date&quot;:&quot;DESC&quot;}},&quot;type&quot;:&quot;grid&quot;,&quot;us_grid_ajax_index&quot;:1,&quot;us_grid_filter_params&quot;:null,&quot;us_grid_index&quot;:1,&quot;_us_grid_post_type&quot;:&quot;post&quot;,&quot;page_args&quot;:[]}}'><\/div>\r\n\t<\/div><\/div><\/div><\/div><\/div><\/div><\/section>","protected":false},"excerpt":{"rendered":"Et siis te ei pannud peale esimest postitust mu blogi kinni ja ei naasnud oma tavap\u00e4raste toimetuste juurde\u2026? Seda on r\u00f5\u00f5m kuulda. T\u00e4na r\u00e4\u00e4gin edasi samal teemal, millega alustasin. Jagan teiega, miks olen oma elus j\u00f5udnud kohta, kus alustan blogiga ja miks minu kogemuste jagamine just teile kasulik v\u00f5ib olla. Siia kirjutama hakates j\u00f5udis mulle...","protected":false},"author":1,"featured_media":0,"parent":0,"menu_order":0,"comment_status":"closed","ping_status":"closed","template":"","meta":{"footnotes":""},"class_list":["post-3709","page","type-page","status-publish","hentry"],"yoast_head":"<!-- This site is optimized with the Yoast SEO plugin v21.6 - https:\/\/yoast.com\/wordpress\/plugins\/seo\/ -->\n<title>Bridge to Ballet - Baleriin Anna Roberta isiklik blogi tantsimisest ja eraelust<\/title>\n<meta name=\"description\" content=\"Professionaalne baleriin Anna Roberta avab oma m\u00f5ttemaailma, t\u00f6\u00f6- ja eraelu ning k\u00f5ike muud, mis on k\u00f5netab tantsijat ennast.\" \/>\n<meta name=\"robots\" content=\"index, follow, max-snippet:-1, max-image-preview:large, max-video-preview:-1\" \/>\n<link rel=\"canonical\" href=\"https:\/\/annaroberta.com\/en\/blogi\/\" \/>\n<meta property=\"og:locale\" content=\"en_US\" \/>\n<meta property=\"og:type\" content=\"article\" \/>\n<meta property=\"og:title\" content=\"Bridge to Ballet - Baleriin Anna Roberta isiklik blogi tantsimisest ja eraelust\" \/>\n<meta property=\"og:description\" content=\"Professionaalne baleriin Anna Roberta avab oma m\u00f5ttemaailma, t\u00f6\u00f6- ja eraelu ning k\u00f5ike muud, mis on k\u00f5netab tantsijat ennast.\" \/>\n<meta property=\"og:url\" content=\"https:\/\/annaroberta.com\/en\/blogi\/\" \/>\n<meta property=\"og:site_name\" content=\"Anna Roberta\" \/>\n<meta property=\"article:modified_time\" content=\"2021-11-08T20:22:35+00:00\" \/>\n<meta name=\"twitter:card\" content=\"summary_large_image\" \/>\n<meta name=\"twitter:label1\" content=\"Est. reading time\" \/>\n\t<meta name=\"twitter:data1\" content=\"1 minute\" \/>\n<script type=\"application\/ld+json\" class=\"yoast-schema-graph\">{\"@context\":\"https:\/\/schema.org\",\"@graph\":[{\"@type\":\"WebPage\",\"@id\":\"https:\/\/annaroberta.com\/blogi\/\",\"url\":\"https:\/\/annaroberta.com\/blogi\/\",\"name\":\"Bridge to Ballet - Baleriin Anna Roberta isiklik blogi tantsimisest ja eraelust\",\"isPartOf\":{\"@id\":\"https:\/\/annaroberta.com\/#website\"},\"datePublished\":\"2021-05-15T12:14:55+00:00\",\"dateModified\":\"2021-11-08T20:22:35+00:00\",\"description\":\"Professionaalne baleriin Anna Roberta avab oma m\u00f5ttemaailma, t\u00f6\u00f6- ja eraelu ning k\u00f5ike muud, mis on k\u00f5netab tantsijat ennast.\",\"breadcrumb\":{\"@id\":\"https:\/\/annaroberta.com\/blogi\/#breadcrumb\"},\"inLanguage\":\"en-US\",\"potentialAction\":[{\"@type\":\"ReadAction\",\"target\":[\"https:\/\/annaroberta.com\/blogi\/\"]}]},{\"@type\":\"BreadcrumbList\",\"@id\":\"https:\/\/annaroberta.com\/blogi\/#breadcrumb\",\"itemListElement\":[{\"@type\":\"ListItem\",\"position\":1,\"name\":\"Anna Roberta\",\"item\":\"https:\/\/annaroberta.com\/\"},{\"@type\":\"ListItem\",\"position\":2,\"name\":\"Bridge to Ballet\"}]},{\"@type\":\"WebSite\",\"@id\":\"https:\/\/annaroberta.com\/#website\",\"url\":\"https:\/\/annaroberta.com\/\",\"name\":\"Anna Roberta\",\"description\":\"Eesti Rahvusballeti esitantsija\",\"publisher\":{\"@id\":\"https:\/\/annaroberta.com\/#\/schema\/person\/76369af4c4095611389eacea884062e4\"},\"potentialAction\":[{\"@type\":\"SearchAction\",\"target\":{\"@type\":\"EntryPoint\",\"urlTemplate\":\"https:\/\/annaroberta.com\/?s={search_term_string}\"},\"query-input\":\"required name=search_term_string\"}],\"inLanguage\":\"en-US\"},{\"@type\":[\"Person\",\"Organization\"],\"@id\":\"https:\/\/annaroberta.com\/#\/schema\/person\/76369af4c4095611389eacea884062e4\",\"name\":\"Anna Roberta\",\"image\":{\"@type\":\"ImageObject\",\"inLanguage\":\"en-US\",\"@id\":\"https:\/\/annaroberta.com\/#\/schema\/person\/image\/\",\"url\":\"https:\/\/secure.gravatar.com\/avatar\/a7ccf10744a8af44a09a734fc3e6b78bdfe25b2c4cdcf1201161d10703de5211?s=96&d=mm&r=g\",\"contentUrl\":\"https:\/\/secure.gravatar.com\/avatar\/a7ccf10744a8af44a09a734fc3e6b78bdfe25b2c4cdcf1201161d10703de5211?s=96&d=mm&r=g\",\"caption\":\"Anna Roberta\"},\"logo\":{\"@id\":\"https:\/\/annaroberta.com\/#\/schema\/person\/image\/\"},\"sameAs\":[\"https:\/\/annaroberta.com\"]}]}<\/script>\n<!-- \/ Yoast SEO plugin. -->","yoast_head_json":{"title":"Bridge to Ballet - Baleriin Anna Roberta isiklik blogi tantsimisest ja eraelust","description":"Professionaalne baleriin Anna Roberta avab oma m\u00f5ttemaailma, t\u00f6\u00f6- ja eraelu ning k\u00f5ike muud, mis on k\u00f5netab tantsijat ennast.","robots":{"index":"index","follow":"follow","max-snippet":"max-snippet:-1","max-image-preview":"max-image-preview:large","max-video-preview":"max-video-preview:-1"},"canonical":"https:\/\/annaroberta.com\/en\/blogi\/","og_locale":"en_US","og_type":"article","og_title":"Bridge to Ballet - Baleriin Anna Roberta isiklik blogi tantsimisest ja eraelust","og_description":"Professionaalne baleriin Anna Roberta avab oma m\u00f5ttemaailma, t\u00f6\u00f6- ja eraelu ning k\u00f5ike muud, mis on k\u00f5netab tantsijat ennast.","og_url":"https:\/\/annaroberta.com\/en\/blogi\/","og_site_name":"Anna Roberta","article_modified_time":"2021-11-08T20:22:35+00:00","twitter_card":"summary_large_image","twitter_misc":{"Est. reading time":"1 minute"},"schema":{"@context":"https:\/\/schema.org","@graph":[{"@type":"WebPage","@id":"https:\/\/annaroberta.com\/blogi\/","url":"https:\/\/annaroberta.com\/blogi\/","name":"Bridge to Ballet - Baleriin Anna Roberta isiklik blogi tantsimisest ja eraelust","isPartOf":{"@id":"https:\/\/annaroberta.com\/#website"},"datePublished":"2021-05-15T12:14:55+00:00","dateModified":"2021-11-08T20:22:35+00:00","description":"Professionaalne baleriin Anna Roberta avab oma m\u00f5ttemaailma, t\u00f6\u00f6- ja eraelu ning k\u00f5ike muud, mis on k\u00f5netab tantsijat ennast.","breadcrumb":{"@id":"https:\/\/annaroberta.com\/blogi\/#breadcrumb"},"inLanguage":"en-US","potentialAction":[{"@type":"ReadAction","target":["https:\/\/annaroberta.com\/blogi\/"]}]},{"@type":"BreadcrumbList","@id":"https:\/\/annaroberta.com\/blogi\/#breadcrumb","itemListElement":[{"@type":"ListItem","position":1,"name":"Anna Roberta","item":"https:\/\/annaroberta.com\/"},{"@type":"ListItem","position":2,"name":"Bridge to Ballet"}]},{"@type":"WebSite","@id":"https:\/\/annaroberta.com\/#website","url":"https:\/\/annaroberta.com\/","name":"Anna Roberta","description":"Eesti Rahvusballeti esitantsija","publisher":{"@id":"https:\/\/annaroberta.com\/#\/schema\/person\/76369af4c4095611389eacea884062e4"},"potentialAction":[{"@type":"SearchAction","target":{"@type":"EntryPoint","urlTemplate":"https:\/\/annaroberta.com\/?s={search_term_string}"},"query-input":"required name=search_term_string"}],"inLanguage":"en-US"},{"@type":["Person","Organization"],"@id":"https:\/\/annaroberta.com\/#\/schema\/person\/76369af4c4095611389eacea884062e4","name":"Anna Roberta","image":{"@type":"ImageObject","inLanguage":"en-US","@id":"https:\/\/annaroberta.com\/#\/schema\/person\/image\/","url":"https:\/\/secure.gravatar.com\/avatar\/a7ccf10744a8af44a09a734fc3e6b78bdfe25b2c4cdcf1201161d10703de5211?s=96&d=mm&r=g","contentUrl":"https:\/\/secure.gravatar.com\/avatar\/a7ccf10744a8af44a09a734fc3e6b78bdfe25b2c4cdcf1201161d10703de5211?s=96&d=mm&r=g","caption":"Anna Roberta"},"logo":{"@id":"https:\/\/annaroberta.com\/#\/schema\/person\/image\/"},"sameAs":["https:\/\/annaroberta.com"]}]}},"_links":{"self":[{"href":"https:\/\/annaroberta.com\/en\/wp-json\/wp\/v2\/pages\/3709","targetHints":{"allow":["GET"]}}],"collection":[{"href":"https:\/\/annaroberta.com\/en\/wp-json\/wp\/v2\/pages"}],"about":[{"href":"https:\/\/annaroberta.com\/en\/wp-json\/wp\/v2\/types\/page"}],"author":[{"embeddable":true,"href":"https:\/\/annaroberta.com\/en\/wp-json\/wp\/v2\/users\/1"}],"replies":[{"embeddable":true,"href":"https:\/\/annaroberta.com\/en\/wp-json\/wp\/v2\/comments?post=3709"}],"version-history":[{"count":15,"href":"https:\/\/annaroberta.com\/en\/wp-json\/wp\/v2\/pages\/3709\/revisions"}],"predecessor-version":[{"id":4280,"href":"https:\/\/annaroberta.com\/en\/wp-json\/wp\/v2\/pages\/3709\/revisions\/4280"}],"wp:attachment":[{"href":"https:\/\/annaroberta.com\/en\/wp-json\/wp\/v2\/media?parent=3709"}],"curies":[{"name":"wp","href":"https:\/\/api.w.org\/{rel}","templated":true}]}}