{"id":3690,"date":"2021-05-15T11:18:07","date_gmt":"2021-05-15T11:18:07","guid":{"rendered":"https:\/\/annaroberta.com\/my-calendar\/"},"modified":"2025-05-27T10:31:16","modified_gmt":"2025-05-27T07:31:16","slug":"kalender","status":"publish","type":"page","link":"https:\/\/annaroberta.com\/en\/kalender\/","title":{"rendered":"Calendar"},"content":{"rendered":"<section class=\"l-section wpb_row height_huge color_alternate with_img parallax_ver\"><div class=\"l-section-img\" data-img-width=\"1185\" data-img-height=\"419\" style=\"background-image: url(https:\/\/annaroberta.com\/wp-content\/uploads\/2023\/04\/Tramm_1185x419.jpg);background-repeat: no-repeat;\"><\/div><div class=\"l-section-overlay\" style=\"background:rgba(34,35,41,0.8)\"><\/div><div class=\"l-section-h i-cf\"><div class=\"g-cols vc_row via_flex valign_middle type_default stacking_default\"><div class=\"vc_col-sm-3 wpb_column vc_column_container\"><div class=\"vc_column-inner\"><div class=\"wpb_wrapper\"><\/div><\/div><\/div><div class=\"vc_col-sm-6 wpb_column vc_column_container\"><div class=\"vc_column-inner\"><div class=\"wpb_wrapper\"><h1 class=\"w-post-elm post_title us_custom_6df4bc3a has_text_color align_center entry-title color_link_inherit\">Calendar<\/h1><div class=\"wpb_text_column us_custom_f0db5f32 has_text_color\"><div class=\"wpb_wrapper\"><p style=\"text-align: center;\"><strong>Next performance:<\/strong><\/p>\n<p style=\"text-align: center;\"><strong>A Streetcar named Desire<\/strong><\/p>\n<p style=\"text-align: center;\">29.05.2025 kell 19:00<\/p>\n<h5 style=\"text-align: center;\"><\/h5>\n<\/div><\/div><div class=\"w-btn-wrapper align_center\"><a class=\"w-btn us-btn-style_1 us_custom_4cc9c9c5\" title=\"A Streetcar named Desire\" target=\"_blank\" href=\"https:\/\/www.piletimaailm.com\/performances\/136351\/buy?lang=et_EE\" rel=\"noopener\"><span class=\"w-btn-label\">OSTA PILET<\/span><\/a><\/div><\/div><\/div><\/div><div class=\"vc_col-sm-3 wpb_column vc_column_container\"><div class=\"vc_column-inner\"><div class=\"wpb_wrapper\"><\/div><\/div><\/div><\/div><\/div><\/section><section class=\"l-section wpb_row height_medium\"><div class=\"l-section-overlay\" style=\"background:var(--color-header-transparent-bg)\"><\/div><div class=\"l-section-h i-cf\"><div class=\"g-cols vc_row via_flex valign_top type_default stacking_default\"><div class=\"vc_col-sm-12 wpb_column vc_column_container\"><div class=\"vc_column-inner\"><div class=\"wpb_wrapper\"><div class=\"wpb_text_column\"><div class=\"wpb_wrapper\"><p>&nbsp;<\/p>\n<!-- EventON Calendar --><div id='evcal_calendar_781' class='list_cal ajde_evcal_calendar sev clean esty_4 ul' ><div id='evcal_head' class='calendar_header' ><div class='evo_cal_above'><span class='evo-gototoday-btn' style='display:none' data-mo='4' data-yr='2026' data-dy=''>This Month<\/span><\/div><div class='evo_cal_above_content'><\/div><\/div><div id='eventon_loadbar_section'><div id='eventon_loadbar'><\/div><\/div><!-- Events List --><div id='evcal_list' \n\t\t\t\t\tclass='eventon_events_list sep_months evcal_list_month'><div class='eventon_list_event no_events'><p class='no_events' >Ei ole esinemisi<\/p><\/div>\t\t\t<div class='clear'><\/div>\n\t\t\t<\/div>\n\t\t\t<div class='clear'><\/div>\n\t\t\t\t\t \t<div id='evcal_footer' class='evo_bottom' style='display:none'>\n\t\t \t\t<div class='evo_cal_data'  data-sc='{\"accord\":\"no\",\"bottom_nav\":\"no\",\"cal_id\":\"\",\"cal_init_nonajax\":\"no\",\"calendar_type\":\"list\",\"ep_fields\":\"\",\"etc_override\":\"no\",\"evc_open\":\"no\",\"event_count\":0,\"event_location\":\"all\",\"event_order\":\"ASC\",\"event_organizer\":\"all\",\"event_parts\":\"no\",\"event_past_future\":\"all\",\"event_status\":\"all\",\"event_tag\":\"all\",\"event_type\":\"all\",\"event_type_2\":\"all\",\"event_type_3\":\"all\",\"event_type_4\":\"all\",\"event_type_5\":\"all\",\"event_virtual\":\"all\",\"eventtop_date_style\":0,\"eventtop_style\":\"4\",\"exp_jumper\":\"no\",\"exp_so\":\"no\",\"filter_relationship\":\"AND\",\"filter_show_set_only\":\"no\",\"filter_type\":\"default\",\"filters\":\"yes\",\"fixed_month\":\"4\",\"fixed_year\":\"2026\",\"focus_end_date_range\":\"1788220799\",\"focus_start_date_range\":\"1775001600\",\"ft_event_priority\":\"no\",\"hide_arrows\":\"no\",\"hide_cancels\":\"no\",\"hide_empty_months\":\"yes\",\"hide_end_time\":\"no\",\"hide_et_dn\":\"no\",\"hide_et_extra\":\"no\",\"hide_et_tags\":\"no\",\"hide_et_tl\":\"no\",\"hide_ft\":\"no\",\"hide_ft_img\":\"no\",\"hide_month_headers\":\"no\",\"hide_mult_occur\":\"no\",\"hide_past\":\"no\",\"hide_past_by\":\"ee\",\"hide_so\":\"no\",\"ics\":\"no\",\"jumper\":\"no\",\"jumper_count\":5,\"jumper_offset\":\"0\",\"lang\":\"L1\",\"layout_changer\":\"no\",\"livenow_bar\":\"yes\",\"mapformat\":\"roadmap\",\"mapiconurl\":\"\",\"maps_load\":\"yes\",\"mapscroll\":\"true\",\"mapzoom\":\"18\",\"members_only\":\"no\",\"ml_priority\":\"no\",\"month_incre\":0,\"number_of_months\":\"5\",\"only_ft\":\"no\",\"pec\":\"\",\"s\":\"\",\"search\":\"\",\"search_all\":\"no\",\"sep_month\":\"yes\",\"show_et_ft_img\":\"no\",\"show_limit\":\"no\",\"show_limit_ajax\":\"no\",\"show_limit_paged\":1,\"show_limit_redir\":\"\",\"show_repeats\":\"no\",\"show_upcoming\":0,\"show_year\":\"no\",\"social_share\":\"no\",\"sort_by\":\"sort_date\",\"tile_bg\":0,\"tile_bg_size\":\"full\",\"tile_count\":2,\"tile_height\":0,\"tile_style\":0,\"tiles\":\"no\",\"ux_val\":\"0\",\"wpml_l1\":\"\",\"wpml_l2\":\"\",\"wpml_l3\":\"\",\"yl_priority\":\"no\",\"fixed_day\":\"29\",\"_cver\":\"2.2.4\"}' data-od='{\"lang_no_events\":\"Ei ole esinemisi\"}'><\/div>\n\t\t \t\t<div class='evo_cal_events' data-events=\"\"><\/div>\n\t\t \t<\/div>\n\t\t\t\t\n\t\t\t\n\t\t\t\t\t\t<\/div><!-- EventON End -->\n\t\t\t\n<\/div><\/div><\/div><\/div><\/div><\/div><\/div><\/section><section class=\"l-section wpb_row height_medium\"><div class=\"l-section-h i-cf\"><div class=\"g-cols vc_row via_flex valign_top type_default stacking_default\"><div class=\"vc_col-sm-12 wpb_column vc_column_container\"><div class=\"vc_column-inner\"><div class=\"wpb_wrapper\"><div class=\"w-ibanner us_custom_502c7aa6 animation_phorcys ratio_2x1 easing_ease\"><div class=\"w-ibanner-h\"><div class=\"w-ibanner-image\" style=\"background-image: url(https:\/\/annaroberta.com\/wp-content\/uploads\/2025\/04\/Sisalik.jpeg)\"><\/div><div class=\"w-ibanner-content\"><div class=\"w-ibanner-content-h\"><h4 class=\"w-ibanner-title\">Sisalik<\/h4><div class=\"w-ibanner-desc\"><p>Tantsin balletis Sisaliku rollis.<\/p>\n<\/div><\/div><\/div><\/div><a title=\"Sisalik\" target=\"_blank\" href=\"https:\/\/opera.ee\/et\/lavastus\/sisalik\/\" rel=\"noopener\" aria-label=\"Sisalik\"><\/a><\/div><div class=\"w-separator size_small\"><\/div><div class=\"w-ibanner us_custom_502c7aa6 animation_phorcys ratio_2x1 easing_ease\"><div class=\"w-ibanner-h\"><div class=\"w-ibanner-image\" style=\"background-image: url(https:\/\/annaroberta.com\/wp-content\/uploads\/2023\/05\/20230513_TrammNimegaIha_07576-scaled.jpg)\"><\/div><div class=\"w-ibanner-content\"><div class=\"w-ibanner-content-h\"><h4 class=\"w-ibanner-title\">A Streetcar named Desire<\/h4><div class=\"w-ibanner-desc\"><p>Dancing the main role - Blance<\/p>\n<\/div><\/div><\/div><\/div><a title=\"A Streetcar named Desire\" target=\"_blank\" href=\"https:\/\/opera.ee\/et\/lavastus\/tramm-nimega-iha\/\" rel=\"noopener\" aria-label=\"A Streetcar named Desire\"><\/a><\/div><div class=\"w-separator size_small\"><\/div><div class=\"w-ibanner us_custom_502c7aa6 animation_phorcys ratio_2x1 easing_ease\"><div class=\"w-ibanner-h\"><div class=\"w-ibanner-image\" style=\"background-image: url(https:\/\/annaroberta.com\/wp-content\/uploads\/2021\/11\/Swan-Lake-Anna-Roberta-scaled-e1678702101747.jpeg)\"><\/div><div class=\"w-ibanner-content\"><div class=\"w-ibanner-content-h\"><h4 class=\"w-ibanner-title\">Swan Lake<\/h4><div class=\"w-ibanner-desc\"><p>Dancing the doublerole - Odette\/Odile<\/p>\n<\/div><\/div><\/div><\/div><a title=\"Swan Lake\" target=\"_blank\" href=\"https:\/\/opera.ee\/et\/lavastus\/luikede-jarv\/\" rel=\"noopener\" aria-label=\"Swan Lake\"><\/a><\/div><div class=\"w-separator size_small\"><\/div><div class=\"w-ibanner us_custom_502c7aa6 animation_phorcys ratio_2x1 easing_ease\"><div class=\"w-ibanner-h\"><div class=\"w-ibanner-image\" style=\"background-image: url(https:\/\/annaroberta.com\/wp-content\/uploads\/2023\/02\/Korsaar3-e1678702032201.jpeg)\"><\/div><div class=\"w-ibanner-content\"><div class=\"w-ibanner-content-h\"><h4 class=\"w-ibanner-title\">The Corsair<\/h4><div class=\"w-ibanner-desc\"><p>Dancing the role of Medora<\/p>\n<\/div><\/div><\/div><\/div><a title=\"The Corsair\" target=\"_blank\" href=\"https:\/\/opera.ee\/et\/lavastus\/korsaar\/\" rel=\"noopener\" aria-label=\"The Corsair\"><\/a><\/div><div class=\"w-separator size_small\"><\/div><div class=\"w-ibanner us_custom_502c7aa6 animation_phorcys ratio_2x1 easing_ease\"><div class=\"w-ibanner-h\"><div class=\"w-ibanner-image\" style=\"background-image: url(https:\/\/annaroberta.com\/wp-content\/uploads\/2023\/12\/VPP-231202-066-scaled-e1701939171573.jpg)\"><\/div><div class=\"w-ibanner-content\"><div class=\"w-ibanner-content-h\"><h4 class=\"w-ibanner-title\">Nutcracker<\/h4><div class=\"w-ibanner-desc\"><p>Tantsin balletis Klara rollis.<\/p>\n<\/div><\/div><\/div><\/div><a title=\"Nutcracker\" target=\"_blank\" href=\"https:\/\/opera.ee\/et\/lavastus\/pahklipureja-2\/?show_id=2202\" rel=\"noopener\" aria-label=\"Nutcracker\"><\/a><\/div><div class=\"w-separator size_small\"><\/div><div class=\"w-ibanner us_custom_41f479a5 animation_phorcys ratio_2x1 easing_ease\"><div class=\"w-ibanner-h\"><div class=\"w-ibanner-image\" style=\"background-image: url(https:\/\/annaroberta.com\/wp-content\/uploads\/2023\/03\/VPP_230322-73-e1679735523839.jpg)\"><\/div><div class=\"w-ibanner-content\"><div class=\"w-ibanner-content-h\"><h4 class=\"w-ibanner-title\">Black\/White<\/h4><div class=\"w-ibanner-desc\"><p>Dancing the main role in the first act \"Open Door\"<br \/>\nDancong Adagio or La Cigarette in the second act \"Suit en Blanc\"<\/p>\n<\/div><\/div><\/div><\/div><a title=\"Black\/White\" target=\"_blank\" href=\"https:\/\/opera.ee\/et\/lavastus\/must-valge\/?show_id=1402\" rel=\"noopener\" aria-label=\"Black\/White\"><\/a><\/div><div class=\"w-separator size_small\"><\/div><div class=\"w-ibanner us_custom_502c7aa6 animation_phorcys ratio_2x1 easing_ease\"><div class=\"w-ibanner-h\"><div class=\"w-ibanner-image\" style=\"background-image: url(https:\/\/annaroberta.com\/wp-content\/uploads\/2021\/11\/Anna-Karenina-2020-Anna-Roberta-20-1-scaled.jpg)\"><\/div><div class=\"w-ibanner-content\"><div class=\"w-ibanner-content-h\"><h4 class=\"w-ibanner-title\">Anna Karenina<\/h4><div class=\"w-ibanner-desc\"><p>Dancing the main role - Anna Karenina<\/p>\n<\/div><\/div><\/div><\/div><a title=\"Anna Karenina\" target=\"_blank\" href=\"https:\/\/opera.ee\/et\/lavastus\/anna-karenina\/\" rel=\"noopener\" aria-label=\"Anna Karenina\"><\/a><\/div><div class=\"w-separator size_small\"><\/div><div class=\"w-ibanner us_custom_502c7aa6 animation_phorcys ratio_2x1 easing_ease\"><div class=\"w-ibanner-h\"><div class=\"w-ibanner-image\" style=\"background-image: url(https:\/\/annaroberta.com\/wp-content\/uploads\/2021\/11\/Sleeping-Beauty-2019-Anna-Roberta-6-scaled.jpg)\"><\/div><div class=\"w-ibanner-content\"><div class=\"w-ibanner-content-h\"><h4 class=\"w-ibanner-title\">Uinuv Kaunitar<\/h4><div class=\"w-ibanner-desc\"><p>Tantsin balletis Sirelihaldja rollis.<\/p>\n<\/div><\/div><\/div><\/div><a title=\"Uinuv Kaunitar\" target=\"_blank\" href=\"https:\/\/opera.ee\/et\/lavastus\/uinuv-kaunitar\/\" rel=\"noopener\" aria-label=\"Uinuv Kaunitar\"><\/a><\/div><div class=\"w-separator size_small\"><\/div><div class=\"w-ibanner us_custom_502c7aa6 animation_phorcys ratio_2x1 easing_ease\"><div class=\"w-ibanner-h\"><div class=\"w-ibanner-image\" style=\"background-image: url(https:\/\/annaroberta.com\/wp-content\/uploads\/2023\/03\/IMG_6024.jpg)\"><\/div><div class=\"w-ibanner-content\"><div class=\"w-ibanner-content-h\"><h4 class=\"w-ibanner-title\">Louis XVI<\/h4><div class=\"w-ibanner-desc\"><p>Dancing the role Lady in Pink<\/p>\n<\/div><\/div><\/div><\/div><a title=\"Louis XVI\" target=\"_blank\" href=\"https:\/\/opera.ee\/et\/lavastus\/louis-xiv-kuningas-paike\/\" rel=\"noopener\" aria-label=\"Louis XVI\"><\/a><\/div><div class=\"w-separator size_small\"><\/div><div class=\"w-ibanner us_custom_502c7aa6 animation_phorcys ratio_2x1 easing_ease\"><div class=\"w-ibanner-h\"><div class=\"w-ibanner-image\" style=\"background-image: url(https:\/\/annaroberta.com\/wp-content\/uploads\/2022\/09\/DSC02700-1-scaled.jpg)\"><\/div><div class=\"w-ibanner-content\"><div class=\"w-ibanner-content-h\"><h4 class=\"w-ibanner-title\">Alice in Wonderland<\/h4><div class=\"w-ibanner-desc\"><p>Dancing the role Queen of Hearts<\/p>\n<\/div><\/div><\/div><\/div><a title=\"Alice in Wonderland\" target=\"_blank\" href=\"https:\/\/opera.ee\/et\/lavastus\/alice-imedemaal\/\" rel=\"noopener\" aria-label=\"Alice in Wonderland\"><\/a><\/div><div class=\"w-separator size_small\"><\/div><div class=\"w-ibanner us_custom_502c7aa6 animation_phorcys ratio_2x1 easing_ease\"><div class=\"w-ibanner-h\"><div class=\"w-ibanner-image\" style=\"background-image: url(https:\/\/annaroberta.com\/wp-content\/uploads\/2022\/09\/20220317_ohtusedmajad_04129-1-scaled-e1678702166285.jpeg)\"><\/div><div class=\"w-ibanner-content\"><div class=\"w-ibanner-content-h\"><h4 class=\"w-ibanner-title\">Twilight Houses<\/h4><div class=\"w-ibanner-desc\"><p>Dancing the role of Lydia<\/p>\n<\/div><\/div><\/div><\/div><a title=\"Twilight Houses\" href=\"https:\/\/opera.ee\/et\/lavastus\/ohtused-majad\/\" aria-label=\"Twilight Houses\"><\/a><\/div><div class=\"w-separator size_small\"><\/div><div class=\"w-ibanner us_custom_502c7aa6 animation_phorcys ratio_2x1 easing_ease\"><div class=\"w-ibanner-h\"><div class=\"w-ibanner-image\" style=\"background-image: url(https:\/\/annaroberta.com\/wp-content\/uploads\/2023\/03\/Image-23-11-2022-at-22.15-e1678702215209.jpg)\"><\/div><div class=\"w-ibanner-content\"><div class=\"w-ibanner-content-h\"><h4 class=\"w-ibanner-title\">The Goblin<\/h4><div class=\"w-ibanner-desc\"><p>Dancing the role of Family Daughter<\/p>\n<\/div><\/div><\/div><\/div><a title=\"The Goblin\" target=\"_blank\" href=\"https:\/\/opera.ee\/et\/lavastus\/kratt\/\" rel=\"noopener\" aria-label=\"The Goblin\"><\/a><\/div><\/div><\/div><\/div><\/div><\/div><\/section>","protected":false},"excerpt":{"rendered":"Teet Kase ballett Originaalmuusika Timo Steiner\/Sander M\u00f6lder Maailmaesietendus Rahvusooperis Estonia 19. novembril 2021 Inspiratsioon \u201eMa olen tulnud siia, et anda teile edasi oma soovid!\u00a0Minu kantsler r\u00e4\u00e4gib \u00fclej\u00e4\u00e4nust.\u201c N\u00f5nda k\u00f5lab ajalook\u00f5rvus enesekindel 4-aastase Louis XIV lapseh\u00e4\u00e4l, kes peagi kuningas-P\u00e4iksena monarhilise Euroopa ajalooballetis keskset rolli tantsib. Kui inimese elu v\u00f5rrelda tantsuga, siis elutants sobib Louis XIV elu...","protected":false},"author":1,"featured_media":0,"parent":0,"menu_order":0,"comment_status":"closed","ping_status":"closed","template":"","meta":{"footnotes":""},"class_list":["post-3690","page","type-page","status-publish","hentry"],"yoast_head":"<!-- This site is optimized with the Yoast SEO plugin v21.6 - https:\/\/yoast.com\/wordpress\/plugins\/seo\/ -->\n<title>Eesti Rahvusballeti nooremsolist Anna Roberta - Kalender 2021\/2022<\/title>\n<meta name=\"description\" content=\"Eesti Rahvusballeti nooremsolisti Anna Roberta esinemistekalender. Rahvusooper Estonia laval. Tutvu rolliga ning osta pilet etendusele!\" \/>\n<meta name=\"robots\" content=\"index, follow, max-snippet:-1, max-image-preview:large, max-video-preview:-1\" \/>\n<link rel=\"canonical\" href=\"https:\/\/annaroberta.com\/en\/kalender\/\" \/>\n<meta property=\"og:locale\" content=\"en_US\" \/>\n<meta property=\"og:type\" content=\"article\" \/>\n<meta property=\"og:title\" content=\"Eesti Rahvusballeti nooremsolist Anna Roberta - Kalender 2021\/2022\" \/>\n<meta property=\"og:description\" content=\"Eesti Rahvusballeti nooremsolisti Anna Roberta esinemistekalender. Rahvusooper Estonia laval. Tutvu rolliga ning osta pilet etendusele!\" \/>\n<meta property=\"og:url\" content=\"https:\/\/annaroberta.com\/en\/kalender\/\" \/>\n<meta property=\"og:site_name\" content=\"Anna Roberta\" \/>\n<meta property=\"article:modified_time\" content=\"2025-05-27T07:31:16+00:00\" \/>\n<meta name=\"twitter:card\" content=\"summary_large_image\" \/>\n<meta name=\"twitter:label1\" content=\"Est. reading time\" \/>\n\t<meta name=\"twitter:data1\" content=\"1 minute\" \/>\n<script type=\"application\/ld+json\" class=\"yoast-schema-graph\">{\"@context\":\"https:\/\/schema.org\",\"@graph\":[{\"@type\":\"WebPage\",\"@id\":\"https:\/\/annaroberta.com\/kalender\/\",\"url\":\"https:\/\/annaroberta.com\/kalender\/\",\"name\":\"Eesti Rahvusballeti nooremsolist Anna Roberta - Kalender 2021\/2022\",\"isPartOf\":{\"@id\":\"https:\/\/annaroberta.com\/#website\"},\"datePublished\":\"2021-05-15T11:18:07+00:00\",\"dateModified\":\"2025-05-27T07:31:16+00:00\",\"description\":\"Eesti Rahvusballeti nooremsolisti Anna Roberta esinemistekalender. Rahvusooper Estonia laval. Tutvu rolliga ning osta pilet etendusele!\",\"breadcrumb\":{\"@id\":\"https:\/\/annaroberta.com\/kalender\/#breadcrumb\"},\"inLanguage\":\"en-US\",\"potentialAction\":[{\"@type\":\"ReadAction\",\"target\":[\"https:\/\/annaroberta.com\/kalender\/\"]}]},{\"@type\":\"BreadcrumbList\",\"@id\":\"https:\/\/annaroberta.com\/kalender\/#breadcrumb\",\"itemListElement\":[{\"@type\":\"ListItem\",\"position\":1,\"name\":\"Anna Roberta\",\"item\":\"https:\/\/annaroberta.com\/\"},{\"@type\":\"ListItem\",\"position\":2,\"name\":\"Kalender\"}]},{\"@type\":\"WebSite\",\"@id\":\"https:\/\/annaroberta.com\/#website\",\"url\":\"https:\/\/annaroberta.com\/\",\"name\":\"Anna Roberta\",\"description\":\"Eesti Rahvusballeti esitantsija\",\"publisher\":{\"@id\":\"https:\/\/annaroberta.com\/#\/schema\/person\/76369af4c4095611389eacea884062e4\"},\"potentialAction\":[{\"@type\":\"SearchAction\",\"target\":{\"@type\":\"EntryPoint\",\"urlTemplate\":\"https:\/\/annaroberta.com\/?s={search_term_string}\"},\"query-input\":\"required name=search_term_string\"}],\"inLanguage\":\"en-US\"},{\"@type\":[\"Person\",\"Organization\"],\"@id\":\"https:\/\/annaroberta.com\/#\/schema\/person\/76369af4c4095611389eacea884062e4\",\"name\":\"Anna Roberta\",\"image\":{\"@type\":\"ImageObject\",\"inLanguage\":\"en-US\",\"@id\":\"https:\/\/annaroberta.com\/#\/schema\/person\/image\/\",\"url\":\"https:\/\/secure.gravatar.com\/avatar\/a7ccf10744a8af44a09a734fc3e6b78bdfe25b2c4cdcf1201161d10703de5211?s=96&d=mm&r=g\",\"contentUrl\":\"https:\/\/secure.gravatar.com\/avatar\/a7ccf10744a8af44a09a734fc3e6b78bdfe25b2c4cdcf1201161d10703de5211?s=96&d=mm&r=g\",\"caption\":\"Anna Roberta\"},\"logo\":{\"@id\":\"https:\/\/annaroberta.com\/#\/schema\/person\/image\/\"},\"sameAs\":[\"https:\/\/annaroberta.com\"]}]}<\/script>\n<!-- \/ Yoast SEO plugin. -->","yoast_head_json":{"title":"Eesti Rahvusballeti nooremsolist Anna Roberta - Kalender 2021\/2022","description":"Eesti Rahvusballeti nooremsolisti Anna Roberta esinemistekalender. Rahvusooper Estonia laval. Tutvu rolliga ning osta pilet etendusele!","robots":{"index":"index","follow":"follow","max-snippet":"max-snippet:-1","max-image-preview":"max-image-preview:large","max-video-preview":"max-video-preview:-1"},"canonical":"https:\/\/annaroberta.com\/en\/kalender\/","og_locale":"en_US","og_type":"article","og_title":"Eesti Rahvusballeti nooremsolist Anna Roberta - Kalender 2021\/2022","og_description":"Eesti Rahvusballeti nooremsolisti Anna Roberta esinemistekalender. Rahvusooper Estonia laval. Tutvu rolliga ning osta pilet etendusele!","og_url":"https:\/\/annaroberta.com\/en\/kalender\/","og_site_name":"Anna Roberta","article_modified_time":"2025-05-27T07:31:16+00:00","twitter_card":"summary_large_image","twitter_misc":{"Est. reading time":"1 minute"},"schema":{"@context":"https:\/\/schema.org","@graph":[{"@type":"WebPage","@id":"https:\/\/annaroberta.com\/kalender\/","url":"https:\/\/annaroberta.com\/kalender\/","name":"Eesti Rahvusballeti nooremsolist Anna Roberta - Kalender 2021\/2022","isPartOf":{"@id":"https:\/\/annaroberta.com\/#website"},"datePublished":"2021-05-15T11:18:07+00:00","dateModified":"2025-05-27T07:31:16+00:00","description":"Eesti Rahvusballeti nooremsolisti Anna Roberta esinemistekalender. Rahvusooper Estonia laval. Tutvu rolliga ning osta pilet etendusele!","breadcrumb":{"@id":"https:\/\/annaroberta.com\/kalender\/#breadcrumb"},"inLanguage":"en-US","potentialAction":[{"@type":"ReadAction","target":["https:\/\/annaroberta.com\/kalender\/"]}]},{"@type":"BreadcrumbList","@id":"https:\/\/annaroberta.com\/kalender\/#breadcrumb","itemListElement":[{"@type":"ListItem","position":1,"name":"Anna Roberta","item":"https:\/\/annaroberta.com\/"},{"@type":"ListItem","position":2,"name":"Kalender"}]},{"@type":"WebSite","@id":"https:\/\/annaroberta.com\/#website","url":"https:\/\/annaroberta.com\/","name":"Anna Roberta","description":"Eesti Rahvusballeti esitantsija","publisher":{"@id":"https:\/\/annaroberta.com\/#\/schema\/person\/76369af4c4095611389eacea884062e4"},"potentialAction":[{"@type":"SearchAction","target":{"@type":"EntryPoint","urlTemplate":"https:\/\/annaroberta.com\/?s={search_term_string}"},"query-input":"required name=search_term_string"}],"inLanguage":"en-US"},{"@type":["Person","Organization"],"@id":"https:\/\/annaroberta.com\/#\/schema\/person\/76369af4c4095611389eacea884062e4","name":"Anna Roberta","image":{"@type":"ImageObject","inLanguage":"en-US","@id":"https:\/\/annaroberta.com\/#\/schema\/person\/image\/","url":"https:\/\/secure.gravatar.com\/avatar\/a7ccf10744a8af44a09a734fc3e6b78bdfe25b2c4cdcf1201161d10703de5211?s=96&d=mm&r=g","contentUrl":"https:\/\/secure.gravatar.com\/avatar\/a7ccf10744a8af44a09a734fc3e6b78bdfe25b2c4cdcf1201161d10703de5211?s=96&d=mm&r=g","caption":"Anna Roberta"},"logo":{"@id":"https:\/\/annaroberta.com\/#\/schema\/person\/image\/"},"sameAs":["https:\/\/annaroberta.com"]}]}},"_links":{"self":[{"href":"https:\/\/annaroberta.com\/en\/wp-json\/wp\/v2\/pages\/3690","targetHints":{"allow":["GET"]}}],"collection":[{"href":"https:\/\/annaroberta.com\/en\/wp-json\/wp\/v2\/pages"}],"about":[{"href":"https:\/\/annaroberta.com\/en\/wp-json\/wp\/v2\/types\/page"}],"author":[{"embeddable":true,"href":"https:\/\/annaroberta.com\/en\/wp-json\/wp\/v2\/users\/1"}],"replies":[{"embeddable":true,"href":"https:\/\/annaroberta.com\/en\/wp-json\/wp\/v2\/comments?post=3690"}],"version-history":[{"count":295,"href":"https:\/\/annaroberta.com\/en\/wp-json\/wp\/v2\/pages\/3690\/revisions"}],"predecessor-version":[{"id":4925,"href":"https:\/\/annaroberta.com\/en\/wp-json\/wp\/v2\/pages\/3690\/revisions\/4925"}],"wp:attachment":[{"href":"https:\/\/annaroberta.com\/en\/wp-json\/wp\/v2\/media?parent=3690"}],"curies":[{"name":"wp","href":"https:\/\/api.w.org\/{rel}","templated":true}]}}