{"id":27,"date":"2016-07-21T10:16:22","date_gmt":"2016-07-21T10:16:22","guid":{"rendered":"http:\/\/impreza18.us-themes.com\/?page_id=27"},"modified":"2023-10-03T18:29:22","modified_gmt":"2023-10-03T15:29:22","slug":"galerii","status":"publish","type":"page","link":"https:\/\/annaroberta.com\/en\/galerii\/","title":{"rendered":"Gallery"},"content":{"rendered":"<section class=\"l-section wpb_row height_auto\"><div class=\"l-section-h i-cf\"><div class=\"g-cols vc_row via_flex valign_top type_default stacking_default\"><div class=\"vc_col-sm-12 wpb_column vc_column_container\"><div class=\"vc_column-inner\"><div class=\"wpb_wrapper\"><div class=\"w-separator size_medium\"><\/div><\/div><\/div><\/div><div class=\"vc_col-sm-12 wpb_column vc_column_container\"><div class=\"vc_column-inner\"><div class=\"wpb_wrapper\"><div class=\"w-separator size_small\"><\/div><div class=\"w-grid type_masonry layout_gallery_default cols_2 with_isotope with_css_animation\" id=\"us_grid_1\" style=\"--gap:5px;\" data-filterable=\"true\"><style>@media (max-width:600px){#us_grid_1 .w-grid-list{margin:0}#us_grid_1 .w-grid-item{width:100%;padding:0;margin-bottom:var(--gap,0px)}}.layout_gallery_default .w-grid-item-h{}<\/style><div class=\"w-grid-list\">\t<article class=\"w-grid-item us_animate_afb off_autostart post-4159 attachment type-attachment status-inherit hentry\" data-id=\"4159\" style=\"animation-delay:0s\">\r\n\t\t<div class=\"w-grid-item-h\">\r\n\t\t\t\t\t\t\t<a class=\"w-grid-item-anchor\" href=\"https:\/\/annaroberta.com\/wp-content\/uploads\/2021\/11\/Romeo-Juliet-2019-Anna-Roberta-4-scaled.jpg\" ref=\"magnificPopupGrid\" title=\"Romeo &#038; Juliet 2019 Anna Roberta 4\"><\/a>\r\n\t\t\t\t\t\t<div class=\"w-post-elm post_image usg_post_image_1 stretched\"><img decoding=\"async\" width=\"736\" height=\"1024\" src=\"https:\/\/annaroberta.com\/wp-content\/uploads\/2021\/11\/Romeo-Juliet-2019-Anna-Roberta-4-736x1024.jpg\" class=\"attachment-large size-large\" alt=\"\" srcset=\"https:\/\/annaroberta.com\/wp-content\/uploads\/2021\/11\/Romeo-Juliet-2019-Anna-Roberta-4-736x1024.jpg 736w, https:\/\/annaroberta.com\/wp-content\/uploads\/2021\/11\/Romeo-Juliet-2019-Anna-Roberta-4-216x300.jpg 216w, https:\/\/annaroberta.com\/wp-content\/uploads\/2021\/11\/Romeo-Juliet-2019-Anna-Roberta-4-9x12.jpg 9w, https:\/\/annaroberta.com\/wp-content\/uploads\/2021\/11\/Romeo-Juliet-2019-Anna-Roberta-4-17x24.jpg 17w, https:\/\/annaroberta.com\/wp-content\/uploads\/2021\/11\/Romeo-Juliet-2019-Anna-Roberta-4-288x400.jpg 288w, https:\/\/annaroberta.com\/wp-content\/uploads\/2021\/11\/Romeo-Juliet-2019-Anna-Roberta-4-scaled.jpg 1840w\" sizes=\"(max-width: 736px) 100vw, 736px\" \/><\/div>\t\t<\/div>\r\n\t<\/article>\r\n\t<article class=\"w-grid-item us_animate_afb off_autostart post-4086 attachment type-attachment status-inherit hentry\" data-id=\"4086\" style=\"animation-delay:0.1s\">\r\n\t\t<div class=\"w-grid-item-h\">\r\n\t\t\t\t\t\t\t<a class=\"w-grid-item-anchor\" href=\"https:\/\/annaroberta.com\/wp-content\/uploads\/2021\/11\/Anna-Karenina-2020-Anna-Roberta-2-1-scaled.jpg\" ref=\"magnificPopupGrid\" title=\"Anna Karenina 2020 Anna Roberta 2\"><\/a>\r\n\t\t\t\t\t\t<div class=\"w-post-elm post_image usg_post_image_1 stretched\"><img decoding=\"async\" width=\"1024\" height=\"783\" src=\"https:\/\/annaroberta.com\/wp-content\/uploads\/2021\/11\/Anna-Karenina-2020-Anna-Roberta-2-1-1024x783.jpg\" class=\"attachment-large size-large\" alt=\"\" srcset=\"https:\/\/annaroberta.com\/wp-content\/uploads\/2021\/11\/Anna-Karenina-2020-Anna-Roberta-2-1-1024x783.jpg 1024w, https:\/\/annaroberta.com\/wp-content\/uploads\/2021\/11\/Anna-Karenina-2020-Anna-Roberta-2-1-300x229.jpg 300w, https:\/\/annaroberta.com\/wp-content\/uploads\/2021\/11\/Anna-Karenina-2020-Anna-Roberta-2-1-16x12.jpg 16w, https:\/\/annaroberta.com\/wp-content\/uploads\/2021\/11\/Anna-Karenina-2020-Anna-Roberta-2-1-31x24.jpg 31w, https:\/\/annaroberta.com\/wp-content\/uploads\/2021\/11\/Anna-Karenina-2020-Anna-Roberta-2-1-523x400.jpg 523w\" sizes=\"(max-width: 1024px) 100vw, 1024px\" \/><\/div>\t\t<\/div>\r\n\t<\/article>\r\n\t<article class=\"w-grid-item us_animate_afb off_autostart post-4112 attachment type-attachment status-inherit hentry\" data-id=\"4112\" style=\"animation-delay:0.2s\">\r\n\t\t<div class=\"w-grid-item-h\">\r\n\t\t\t\t\t\t\t<a class=\"w-grid-item-anchor\" href=\"https:\/\/annaroberta.com\/wp-content\/uploads\/2021\/11\/Anna-Karenina-Todd-Richter_6-1-scaled.jpg\" ref=\"magnificPopupGrid\" title=\"Anna Karenina-Todd Richter_6\"><\/a>\r\n\t\t\t\t\t\t<div class=\"w-post-elm post_image usg_post_image_1 stretched\"><img decoding=\"async\" width=\"819\" height=\"1024\" src=\"https:\/\/annaroberta.com\/wp-content\/uploads\/2021\/11\/Anna-Karenina-Todd-Richter_6-1-819x1024.jpg\" class=\"attachment-large size-large\" alt=\"\" srcset=\"https:\/\/annaroberta.com\/wp-content\/uploads\/2021\/11\/Anna-Karenina-Todd-Richter_6-1-819x1024.jpg 819w, https:\/\/annaroberta.com\/wp-content\/uploads\/2021\/11\/Anna-Karenina-Todd-Richter_6-1-240x300.jpg 240w, https:\/\/annaroberta.com\/wp-content\/uploads\/2021\/11\/Anna-Karenina-Todd-Richter_6-1-10x12.jpg 10w, https:\/\/annaroberta.com\/wp-content\/uploads\/2021\/11\/Anna-Karenina-Todd-Richter_6-1-19x24.jpg 19w, https:\/\/annaroberta.com\/wp-content\/uploads\/2021\/11\/Anna-Karenina-Todd-Richter_6-1-320x400.jpg 320w, https:\/\/annaroberta.com\/wp-content\/uploads\/2021\/11\/Anna-Karenina-Todd-Richter_6-1-scaled.jpg 2048w\" sizes=\"(max-width: 819px) 100vw, 819px\" \/><\/div>\t\t<\/div>\r\n\t<\/article>\r\n\t<article class=\"w-grid-item us_animate_afb off_autostart post-4122 attachment type-attachment status-inherit hentry\" data-id=\"4122\" style=\"animation-delay:0.3s\">\r\n\t\t<div class=\"w-grid-item-h\">\r\n\t\t\t\t\t\t\t<a class=\"w-grid-item-anchor\" href=\"https:\/\/annaroberta.com\/wp-content\/uploads\/2021\/11\/Anna-Roberta-portrait-by-Veljo-Poom-3.png\" ref=\"magnificPopupGrid\" title=\"Anna Roberta portrait by Veljo Poom 3\"><\/a>\r\n\t\t\t\t\t\t<div class=\"w-post-elm post_image usg_post_image_1 stretched\"><img decoding=\"async\" width=\"576\" height=\"1024\" src=\"https:\/\/annaroberta.com\/wp-content\/uploads\/2021\/11\/Anna-Roberta-portrait-by-Veljo-Poom-3-576x1024.png\" class=\"attachment-large size-large\" alt=\"\" srcset=\"https:\/\/annaroberta.com\/wp-content\/uploads\/2021\/11\/Anna-Roberta-portrait-by-Veljo-Poom-3-576x1024.png 576w, https:\/\/annaroberta.com\/wp-content\/uploads\/2021\/11\/Anna-Roberta-portrait-by-Veljo-Poom-3-169x300.png 169w, https:\/\/annaroberta.com\/wp-content\/uploads\/2021\/11\/Anna-Roberta-portrait-by-Veljo-Poom-3-7x12.png 7w, https:\/\/annaroberta.com\/wp-content\/uploads\/2021\/11\/Anna-Roberta-portrait-by-Veljo-Poom-3-14x24.png 14w, https:\/\/annaroberta.com\/wp-content\/uploads\/2021\/11\/Anna-Roberta-portrait-by-Veljo-Poom-3-225x400.png 225w, https:\/\/annaroberta.com\/wp-content\/uploads\/2021\/11\/Anna-Roberta-portrait-by-Veljo-Poom-3.png 1152w\" sizes=\"(max-width: 576px) 100vw, 576px\" \/><\/div>\t\t<\/div>\r\n\t<\/article>\r\n\t<article class=\"w-grid-item us_animate_afb off_autostart post-4103 attachment type-attachment status-inherit hentry\" data-id=\"4103\" style=\"animation-delay:0s\">\r\n\t\t<div class=\"w-grid-item-h\">\r\n\t\t\t\t\t\t\t<a class=\"w-grid-item-anchor\" href=\"https:\/\/annaroberta.com\/wp-content\/uploads\/2021\/11\/Anna-Karenina-2020-Anna-Roberta-19-1-scaled.jpg\" ref=\"magnificPopupGrid\" title=\"Anna Karenina 2020 Anna Roberta 19\"><\/a>\r\n\t\t\t\t\t\t<div class=\"w-post-elm post_image usg_post_image_1 stretched\"><img decoding=\"async\" width=\"1024\" height=\"726\" src=\"https:\/\/annaroberta.com\/wp-content\/uploads\/2021\/11\/Anna-Karenina-2020-Anna-Roberta-19-1-1024x726.jpg\" class=\"attachment-large size-large\" alt=\"\" srcset=\"https:\/\/annaroberta.com\/wp-content\/uploads\/2021\/11\/Anna-Karenina-2020-Anna-Roberta-19-1-1024x726.jpg 1024w, https:\/\/annaroberta.com\/wp-content\/uploads\/2021\/11\/Anna-Karenina-2020-Anna-Roberta-19-1-300x213.jpg 300w, https:\/\/annaroberta.com\/wp-content\/uploads\/2021\/11\/Anna-Karenina-2020-Anna-Roberta-19-1-18x12.jpg 18w, https:\/\/annaroberta.com\/wp-content\/uploads\/2021\/11\/Anna-Karenina-2020-Anna-Roberta-19-1-34x24.jpg 34w, https:\/\/annaroberta.com\/wp-content\/uploads\/2021\/11\/Anna-Karenina-2020-Anna-Roberta-19-1-564x400.jpg 564w\" sizes=\"(max-width: 1024px) 100vw, 1024px\" \/><\/div>\t\t<\/div>\r\n\t<\/article>\r\n\t<article class=\"w-grid-item us_animate_afb off_autostart post-4181 attachment type-attachment status-inherit hentry\" data-id=\"4181\" style=\"animation-delay:0.1s\">\r\n\t\t<div class=\"w-grid-item-h\">\r\n\t\t\t\t\t\t\t<a class=\"w-grid-item-anchor\" href=\"https:\/\/annaroberta.com\/wp-content\/uploads\/2021\/11\/Swan-Lake-2019-Anna-Roberta-13-scaled.jpg\" ref=\"magnificPopupGrid\" title=\"Swan Lake 2019 Anna Roberta 13\"><\/a>\r\n\t\t\t\t\t\t<div class=\"w-post-elm post_image usg_post_image_1 stretched\"><img decoding=\"async\" width=\"1024\" height=\"791\" src=\"https:\/\/annaroberta.com\/wp-content\/uploads\/2021\/11\/Swan-Lake-2019-Anna-Roberta-13-1024x791.jpg\" class=\"attachment-large size-large\" alt=\"\" srcset=\"https:\/\/annaroberta.com\/wp-content\/uploads\/2021\/11\/Swan-Lake-2019-Anna-Roberta-13-1024x791.jpg 1024w, https:\/\/annaroberta.com\/wp-content\/uploads\/2021\/11\/Swan-Lake-2019-Anna-Roberta-13-300x232.jpg 300w, https:\/\/annaroberta.com\/wp-content\/uploads\/2021\/11\/Swan-Lake-2019-Anna-Roberta-13-16x12.jpg 16w, https:\/\/annaroberta.com\/wp-content\/uploads\/2021\/11\/Swan-Lake-2019-Anna-Roberta-13-31x24.jpg 31w, https:\/\/annaroberta.com\/wp-content\/uploads\/2021\/11\/Swan-Lake-2019-Anna-Roberta-13-518x400.jpg 518w\" sizes=\"(max-width: 1024px) 100vw, 1024px\" \/><\/div>\t\t<\/div>\r\n\t<\/article>\r\n\t<article class=\"w-grid-item us_animate_afb off_autostart post-4108 attachment type-attachment status-inherit hentry\" data-id=\"4108\" style=\"animation-delay:0.2s\">\r\n\t\t<div class=\"w-grid-item-h\">\r\n\t\t\t\t\t\t\t<a class=\"w-grid-item-anchor\" href=\"https:\/\/annaroberta.com\/wp-content\/uploads\/2021\/11\/Anna-Karenina-2020-Anna-Roberta-24-1-scaled.jpeg\" ref=\"magnificPopupGrid\" title=\"Anna Karenina 2020 Anna Roberta 24\"><\/a>\r\n\t\t\t\t\t\t<div class=\"w-post-elm post_image usg_post_image_1 stretched\"><img decoding=\"async\" width=\"1024\" height=\"723\" src=\"https:\/\/annaroberta.com\/wp-content\/uploads\/2021\/11\/Anna-Karenina-2020-Anna-Roberta-24-1-1024x723.jpeg\" class=\"attachment-large size-large\" alt=\"\" srcset=\"https:\/\/annaroberta.com\/wp-content\/uploads\/2021\/11\/Anna-Karenina-2020-Anna-Roberta-24-1-1024x723.jpeg 1024w, https:\/\/annaroberta.com\/wp-content\/uploads\/2021\/11\/Anna-Karenina-2020-Anna-Roberta-24-1-300x212.jpeg 300w, https:\/\/annaroberta.com\/wp-content\/uploads\/2021\/11\/Anna-Karenina-2020-Anna-Roberta-24-1-18x12.jpeg 18w, https:\/\/annaroberta.com\/wp-content\/uploads\/2021\/11\/Anna-Karenina-2020-Anna-Roberta-24-1-34x24.jpeg 34w, https:\/\/annaroberta.com\/wp-content\/uploads\/2021\/11\/Anna-Karenina-2020-Anna-Roberta-24-1-567x400.jpeg 567w\" sizes=\"(max-width: 1024px) 100vw, 1024px\" \/><\/div>\t\t<\/div>\r\n\t<\/article>\r\n\t<article class=\"w-grid-item us_animate_afb off_autostart post-4120 attachment type-attachment status-inherit hentry\" data-id=\"4120\" style=\"animation-delay:0.3s\">\r\n\t\t<div class=\"w-grid-item-h\">\r\n\t\t\t\t\t\t\t<a class=\"w-grid-item-anchor\" href=\"https:\/\/annaroberta.com\/wp-content\/uploads\/2021\/11\/Anna-Roberta-kontakt.jpg\" ref=\"magnificPopupGrid\" title=\"Anna Roberta kontakt\"><\/a>\r\n\t\t\t\t\t\t<div class=\"w-post-elm post_image usg_post_image_1 stretched\"><img decoding=\"async\" width=\"1024\" height=\"1024\" src=\"https:\/\/annaroberta.com\/wp-content\/uploads\/2021\/11\/Anna-Roberta-kontakt-1024x1024.jpg\" class=\"attachment-large size-large\" alt=\"\" srcset=\"https:\/\/annaroberta.com\/wp-content\/uploads\/2021\/11\/Anna-Roberta-kontakt-1024x1024.jpg 1024w, https:\/\/annaroberta.com\/wp-content\/uploads\/2021\/11\/Anna-Roberta-kontakt-300x300.jpg 300w, https:\/\/annaroberta.com\/wp-content\/uploads\/2021\/11\/Anna-Roberta-kontakt-150x150.jpg 150w, https:\/\/annaroberta.com\/wp-content\/uploads\/2021\/11\/Anna-Roberta-kontakt-12x12.jpg 12w, https:\/\/annaroberta.com\/wp-content\/uploads\/2021\/11\/Anna-Roberta-kontakt-24x24.jpg 24w, https:\/\/annaroberta.com\/wp-content\/uploads\/2021\/11\/Anna-Roberta-kontakt-400x400.jpg 400w, https:\/\/annaroberta.com\/wp-content\/uploads\/2021\/11\/Anna-Roberta-kontakt.jpg 1920w\" sizes=\"(max-width: 1024px) 100vw, 1024px\" \/><\/div>\t\t<\/div>\r\n\t<\/article>\r\n\t<article class=\"w-grid-item us_animate_afb off_autostart post-4161 attachment type-attachment status-inherit hentry\" data-id=\"4161\" style=\"animation-delay:0s\">\r\n\t\t<div class=\"w-grid-item-h\">\r\n\t\t\t\t\t\t\t<a class=\"w-grid-item-anchor\" href=\"https:\/\/annaroberta.com\/wp-content\/uploads\/2021\/11\/Serenade-2020-Anna-Roberta-2-scaled.jpeg\" ref=\"magnificPopupGrid\" title=\"Serenade 2020 Anna Roberta 2\"><\/a>\r\n\t\t\t\t\t\t<div class=\"w-post-elm post_image usg_post_image_1 stretched\"><img decoding=\"async\" width=\"1024\" height=\"727\" src=\"https:\/\/annaroberta.com\/wp-content\/uploads\/2021\/11\/Serenade-2020-Anna-Roberta-2-1024x727.jpeg\" class=\"attachment-large size-large\" alt=\"\" srcset=\"https:\/\/annaroberta.com\/wp-content\/uploads\/2021\/11\/Serenade-2020-Anna-Roberta-2-1024x727.jpeg 1024w, https:\/\/annaroberta.com\/wp-content\/uploads\/2021\/11\/Serenade-2020-Anna-Roberta-2-300x213.jpeg 300w, https:\/\/annaroberta.com\/wp-content\/uploads\/2021\/11\/Serenade-2020-Anna-Roberta-2-18x12.jpeg 18w, https:\/\/annaroberta.com\/wp-content\/uploads\/2021\/11\/Serenade-2020-Anna-Roberta-2-34x24.jpeg 34w, https:\/\/annaroberta.com\/wp-content\/uploads\/2021\/11\/Serenade-2020-Anna-Roberta-2-563x400.jpeg 563w\" sizes=\"(max-width: 1024px) 100vw, 1024px\" \/><\/div>\t\t<\/div>\r\n\t<\/article>\r\n\t<article class=\"w-grid-item us_animate_afb off_autostart post-4244 attachment type-attachment status-inherit hentry\" data-id=\"4244\" style=\"animation-delay:0.1s\">\r\n\t\t<div class=\"w-grid-item-h\">\r\n\t\t\t\t\t\t\t<a class=\"w-grid-item-anchor\" href=\"https:\/\/annaroberta.com\/wp-content\/uploads\/2021\/11\/Serenade-2020-Anna-Roberta-3.jpg\" ref=\"magnificPopupGrid\" title=\"Serenade 2020 Anna Roberta 3\"><\/a>\r\n\t\t\t\t\t\t<div class=\"w-post-elm post_image usg_post_image_1 stretched\"><img decoding=\"async\" width=\"1024\" height=\"659\" src=\"https:\/\/annaroberta.com\/wp-content\/uploads\/2021\/11\/Serenade-2020-Anna-Roberta-3-1024x659.jpg\" class=\"attachment-large size-large\" alt=\"\" srcset=\"https:\/\/annaroberta.com\/wp-content\/uploads\/2021\/11\/Serenade-2020-Anna-Roberta-3-1024x659.jpg 1024w, https:\/\/annaroberta.com\/wp-content\/uploads\/2021\/11\/Serenade-2020-Anna-Roberta-3-300x193.jpg 300w, https:\/\/annaroberta.com\/wp-content\/uploads\/2021\/11\/Serenade-2020-Anna-Roberta-3-18x12.jpg 18w, https:\/\/annaroberta.com\/wp-content\/uploads\/2021\/11\/Serenade-2020-Anna-Roberta-3-37x24.jpg 37w, https:\/\/annaroberta.com\/wp-content\/uploads\/2021\/11\/Serenade-2020-Anna-Roberta-3-600x386.jpg 600w, https:\/\/annaroberta.com\/wp-content\/uploads\/2021\/11\/Serenade-2020-Anna-Roberta-3.jpg 2038w\" sizes=\"(max-width: 1024px) 100vw, 1024px\" \/><\/div>\t\t<\/div>\r\n\t<\/article>\r\n<\/div><div class=\"w-grid-preloader\"><div class=\"g-preloader type_1\">\r\n\t<div><\/div>\r\n<\/div>\r\n<\/div>\t\t<div class=\"g-loadmore\">\r\n\t\t\t<div class=\"g-preloader type_1\">\r\n\t\t\t\t<div><\/div>\r\n\t\t\t<\/div>\r\n\t\t\t<button class=\"w-btn us-btn-style_1\">\r\n\t\t\t\t<span class=\"w-btn-label\">Load More<\/span>\r\n\t\t\t<\/button>\r\n\t\t<\/div>\r\n\t\t\t<div class=\"w-grid-json hidden\" onclick='return {&quot;action&quot;:&quot;us_ajax_grid&quot;,&quot;ajax_url&quot;:&quot;https:\\\/\\\/annaroberta.com\\\/wp-admin\\\/admin-ajax.php&quot;,&quot;infinite_scroll&quot;:true,&quot;max_num_pages&quot;:12,&quot;pagination&quot;:&quot;ajax&quot;,&quot;permalink_url&quot;:&quot;https:\\\/\\\/annaroberta.com\\\/en\\\/wp-json\\\/wp\\\/v2\\\/pages\\\/27&quot;,&quot;template_vars&quot;:{&quot;columns&quot;:&quot;2&quot;,&quot;exclude_items&quot;:&quot;none&quot;,&quot;img_size&quot;:&quot;default&quot;,&quot;ignore_items_size&quot;:0,&quot;items_layout&quot;:&quot;gallery_default&quot;,&quot;items_offset&quot;:&quot;1&quot;,&quot;load_animation&quot;:&quot;afb&quot;,&quot;overriding_link&quot;:&quot;popup_post_image&quot;,&quot;post_id&quot;:0,&quot;query_args&quot;:{&quot;post_type&quot;:[&quot;attachment&quot;],&quot;post__in&quot;:[&quot;4183&quot;,&quot;4182&quot;,&quot;4181&quot;,&quot;4180&quot;,&quot;4179&quot;,&quot;4178&quot;,&quot;4177&quot;,&quot;4176&quot;,&quot;4175&quot;,&quot;4174&quot;,&quot;4173&quot;,&quot;4184&quot;,&quot;4172&quot;,&quot;4171&quot;,&quot;4170&quot;,&quot;4169&quot;,&quot;4167&quot;,&quot;4166&quot;,&quot;4165&quot;,&quot;4164&quot;,&quot;4163&quot;,&quot;4162&quot;,&quot;4161&quot;,&quot;4160&quot;,&quot;4159&quot;,&quot;4157&quot;,&quot;4156&quot;,&quot;4155&quot;,&quot;4154&quot;,&quot;4153&quot;,&quot;4152&quot;,&quot;4151&quot;,&quot;4150&quot;,&quot;4149&quot;,&quot;4148&quot;,&quot;4147&quot;,&quot;4146&quot;,&quot;4145&quot;,&quot;4144&quot;,&quot;4143&quot;,&quot;4142&quot;,&quot;4141&quot;,&quot;4140&quot;,&quot;4139&quot;,&quot;4138&quot;,&quot;4137&quot;,&quot;4136&quot;,&quot;4135&quot;,&quot;4134&quot;,&quot;4133&quot;,&quot;4132&quot;,&quot;4131&quot;,&quot;4130&quot;,&quot;4129&quot;,&quot;4128&quot;,&quot;4127&quot;,&quot;4126&quot;,&quot;4125&quot;,&quot;4124&quot;,&quot;4123&quot;,&quot;4122&quot;,&quot;4121&quot;,&quot;4120&quot;,&quot;4119&quot;,&quot;4118&quot;,&quot;4117&quot;,&quot;4116&quot;,&quot;4115&quot;,&quot;4114&quot;,&quot;4113&quot;,&quot;4112&quot;,&quot;4111&quot;,&quot;4110&quot;,&quot;4109&quot;,&quot;4108&quot;,&quot;4107&quot;,&quot;4106&quot;,&quot;4105&quot;,&quot;4104&quot;,&quot;4103&quot;,&quot;4102&quot;,&quot;4101&quot;,&quot;4100&quot;,&quot;4099&quot;,&quot;4098&quot;,&quot;4097&quot;,&quot;4096&quot;,&quot;4093&quot;,&quot;4091&quot;,&quot;4090&quot;,&quot;4089&quot;,&quot;4086&quot;,&quot;4085&quot;,&quot;4084&quot;,&quot;4081&quot;,&quot;4076&quot;,&quot;4075&quot;,&quot;4074&quot;,&quot;4073&quot;,&quot;4072&quot;,&quot;4066&quot;,&quot;4064&quot;,&quot;4063&quot;,&quot;4062&quot;,&quot;4061&quot;,&quot;4060&quot;,&quot;4059&quot;,&quot;4056&quot;,&quot;4054&quot;,&quot;4053&quot;,&quot;3939&quot;,&quot;4246&quot;,&quot;4247&quot;,&quot;4245&quot;,&quot;4244&quot;,&quot;4243&quot;,&quot;4242&quot;,&quot;4241&quot;,&quot;4240&quot;],&quot;post_status&quot;:&quot;inherit&quot;,&quot;post_mime_type&quot;:&quot;image&quot;,&quot;posts_per_page&quot;:&quot;10&quot;},&quot;orderby_query_args&quot;:{&quot;orderby&quot;:&quot;RAND(1517820635)&quot;},&quot;type&quot;:&quot;masonry&quot;,&quot;us_grid_ajax_index&quot;:1,&quot;us_grid_filter_params&quot;:null,&quot;us_grid_index&quot;:1,&quot;_us_grid_post_type&quot;:&quot;attachment&quot;,&quot;page_args&quot;:[]}}'><\/div>\r\n\t<\/div><\/div><\/div><\/div><\/div><\/div><\/section><section class=\"l-section wpb_row height_medium\"><div class=\"l-section-h i-cf\"><div class=\"g-cols vc_row via_flex valign_top type_default stacking_default\"><div class=\"vc_col-sm-12 wpb_column vc_column_container\"><div class=\"vc_column-inner\"><div class=\"wpb_wrapper\"><div class=\"wpb_text_column\"><div class=\"wpb_wrapper\"><\/div><\/div><\/div><\/div><\/div><\/div><\/div><\/section>","protected":false},"excerpt":{"rendered":"","protected":false},"author":1,"featured_media":0,"parent":0,"menu_order":0,"comment_status":"closed","ping_status":"closed","template":"","meta":{"footnotes":""},"class_list":["post-27","page","type-page","status-publish","hentry"],"yoast_head":"<!-- This site is optimized with the Yoast SEO plugin v21.6 - https:\/\/yoast.com\/wordpress\/plugins\/seo\/ -->\n<title>Eesti Rahvusballeti nooremsolist Anna Roberta Galerii lavalt ja eraelust<\/title>\n<meta name=\"description\" content=\"Eesti Rahvusballeti nooremsolist Anna Roberta pildigalerii, kust v\u00f5ib leida fotosid etendustest, modellit\u00f6\u00f6dest ja ka eraelust.\" \/>\n<meta name=\"robots\" content=\"index, follow, max-snippet:-1, max-image-preview:large, max-video-preview:-1\" \/>\n<link rel=\"canonical\" href=\"https:\/\/annaroberta.com\/en\/galerii\/\" \/>\n<meta property=\"og:locale\" content=\"en_US\" \/>\n<meta property=\"og:type\" content=\"article\" \/>\n<meta property=\"og:title\" content=\"Eesti Rahvusballeti nooremsolist Anna Roberta Galerii lavalt ja eraelust\" \/>\n<meta property=\"og:description\" content=\"Eesti Rahvusballeti nooremsolist Anna Roberta pildigalerii, kust v\u00f5ib leida fotosid etendustest, modellit\u00f6\u00f6dest ja ka eraelust.\" \/>\n<meta property=\"og:url\" content=\"https:\/\/annaroberta.com\/en\/galerii\/\" \/>\n<meta property=\"og:site_name\" content=\"Anna Roberta\" \/>\n<meta property=\"article:modified_time\" content=\"2023-10-03T15:29:22+00:00\" \/>\n<meta name=\"twitter:card\" content=\"summary_large_image\" \/>\n<meta name=\"twitter:label1\" content=\"Est. reading time\" \/>\n\t<meta name=\"twitter:data1\" content=\"1 minute\" \/>\n<script type=\"application\/ld+json\" class=\"yoast-schema-graph\">{\"@context\":\"https:\/\/schema.org\",\"@graph\":[{\"@type\":\"WebPage\",\"@id\":\"https:\/\/annaroberta.com\/galerii\/\",\"url\":\"https:\/\/annaroberta.com\/galerii\/\",\"name\":\"Eesti Rahvusballeti nooremsolist Anna Roberta Galerii lavalt ja eraelust\",\"isPartOf\":{\"@id\":\"https:\/\/annaroberta.com\/#website\"},\"datePublished\":\"2016-07-21T10:16:22+00:00\",\"dateModified\":\"2023-10-03T15:29:22+00:00\",\"description\":\"Eesti Rahvusballeti nooremsolist Anna Roberta pildigalerii, kust v\u00f5ib leida fotosid etendustest, modellit\u00f6\u00f6dest ja ka eraelust.\",\"breadcrumb\":{\"@id\":\"https:\/\/annaroberta.com\/galerii\/#breadcrumb\"},\"inLanguage\":\"en-US\",\"potentialAction\":[{\"@type\":\"ReadAction\",\"target\":[\"https:\/\/annaroberta.com\/galerii\/\"]}]},{\"@type\":\"BreadcrumbList\",\"@id\":\"https:\/\/annaroberta.com\/galerii\/#breadcrumb\",\"itemListElement\":[{\"@type\":\"ListItem\",\"position\":1,\"name\":\"Anna Roberta\",\"item\":\"https:\/\/annaroberta.com\/\"},{\"@type\":\"ListItem\",\"position\":2,\"name\":\"Galerii\"}]},{\"@type\":\"WebSite\",\"@id\":\"https:\/\/annaroberta.com\/#website\",\"url\":\"https:\/\/annaroberta.com\/\",\"name\":\"Anna Roberta\",\"description\":\"Eesti Rahvusballeti esitantsija\",\"publisher\":{\"@id\":\"https:\/\/annaroberta.com\/#\/schema\/person\/76369af4c4095611389eacea884062e4\"},\"potentialAction\":[{\"@type\":\"SearchAction\",\"target\":{\"@type\":\"EntryPoint\",\"urlTemplate\":\"https:\/\/annaroberta.com\/?s={search_term_string}\"},\"query-input\":\"required name=search_term_string\"}],\"inLanguage\":\"en-US\"},{\"@type\":[\"Person\",\"Organization\"],\"@id\":\"https:\/\/annaroberta.com\/#\/schema\/person\/76369af4c4095611389eacea884062e4\",\"name\":\"Anna Roberta\",\"image\":{\"@type\":\"ImageObject\",\"inLanguage\":\"en-US\",\"@id\":\"https:\/\/annaroberta.com\/#\/schema\/person\/image\/\",\"url\":\"https:\/\/annaroberta.com\/wp-content\/uploads\/2021\/11\/Serenade-2020-Anna-Roberta-3.jpg\",\"contentUrl\":\"https:\/\/annaroberta.com\/wp-content\/uploads\/2021\/11\/Serenade-2020-Anna-Roberta-3.jpg\",\"width\":2038,\"height\":1311,\"caption\":\"Anna Roberta\"},\"logo\":{\"@id\":\"https:\/\/annaroberta.com\/#\/schema\/person\/image\/\"},\"sameAs\":[\"https:\/\/annaroberta.com\"]}]}<\/script>\n<!-- \/ Yoast SEO plugin. -->","yoast_head_json":{"title":"Eesti Rahvusballeti nooremsolist Anna Roberta Galerii lavalt ja eraelust","description":"Eesti Rahvusballeti nooremsolist Anna Roberta pildigalerii, kust v\u00f5ib leida fotosid etendustest, modellit\u00f6\u00f6dest ja ka eraelust.","robots":{"index":"index","follow":"follow","max-snippet":"max-snippet:-1","max-image-preview":"max-image-preview:large","max-video-preview":"max-video-preview:-1"},"canonical":"https:\/\/annaroberta.com\/en\/galerii\/","og_locale":"en_US","og_type":"article","og_title":"Eesti Rahvusballeti nooremsolist Anna Roberta Galerii lavalt ja eraelust","og_description":"Eesti Rahvusballeti nooremsolist Anna Roberta pildigalerii, kust v\u00f5ib leida fotosid etendustest, modellit\u00f6\u00f6dest ja ka eraelust.","og_url":"https:\/\/annaroberta.com\/en\/galerii\/","og_site_name":"Anna Roberta","article_modified_time":"2023-10-03T15:29:22+00:00","twitter_card":"summary_large_image","twitter_misc":{"Est. reading time":"1 minute"},"schema":{"@context":"https:\/\/schema.org","@graph":[{"@type":"WebPage","@id":"https:\/\/annaroberta.com\/galerii\/","url":"https:\/\/annaroberta.com\/galerii\/","name":"Eesti Rahvusballeti nooremsolist Anna Roberta Galerii lavalt ja eraelust","isPartOf":{"@id":"https:\/\/annaroberta.com\/#website"},"datePublished":"2016-07-21T10:16:22+00:00","dateModified":"2023-10-03T15:29:22+00:00","description":"Eesti Rahvusballeti nooremsolist Anna Roberta pildigalerii, kust v\u00f5ib leida fotosid etendustest, modellit\u00f6\u00f6dest ja ka eraelust.","breadcrumb":{"@id":"https:\/\/annaroberta.com\/galerii\/#breadcrumb"},"inLanguage":"en-US","potentialAction":[{"@type":"ReadAction","target":["https:\/\/annaroberta.com\/galerii\/"]}]},{"@type":"BreadcrumbList","@id":"https:\/\/annaroberta.com\/galerii\/#breadcrumb","itemListElement":[{"@type":"ListItem","position":1,"name":"Anna Roberta","item":"https:\/\/annaroberta.com\/"},{"@type":"ListItem","position":2,"name":"Galerii"}]},{"@type":"WebSite","@id":"https:\/\/annaroberta.com\/#website","url":"https:\/\/annaroberta.com\/","name":"Anna Roberta","description":"Eesti Rahvusballeti esitantsija","publisher":{"@id":"https:\/\/annaroberta.com\/#\/schema\/person\/76369af4c4095611389eacea884062e4"},"potentialAction":[{"@type":"SearchAction","target":{"@type":"EntryPoint","urlTemplate":"https:\/\/annaroberta.com\/?s={search_term_string}"},"query-input":"required name=search_term_string"}],"inLanguage":"en-US"},{"@type":["Person","Organization"],"@id":"https:\/\/annaroberta.com\/#\/schema\/person\/76369af4c4095611389eacea884062e4","name":"Anna Roberta","image":{"@type":"ImageObject","inLanguage":"en-US","@id":"https:\/\/annaroberta.com\/#\/schema\/person\/image\/","url":"https:\/\/annaroberta.com\/wp-content\/uploads\/2021\/11\/Serenade-2020-Anna-Roberta-3.jpg","contentUrl":"https:\/\/annaroberta.com\/wp-content\/uploads\/2021\/11\/Serenade-2020-Anna-Roberta-3.jpg","width":2038,"height":1311,"caption":"Anna Roberta"},"logo":{"@id":"https:\/\/annaroberta.com\/#\/schema\/person\/image\/"},"sameAs":["https:\/\/annaroberta.com"]}]}},"_links":{"self":[{"href":"https:\/\/annaroberta.com\/en\/wp-json\/wp\/v2\/pages\/27","targetHints":{"allow":["GET"]}}],"collection":[{"href":"https:\/\/annaroberta.com\/en\/wp-json\/wp\/v2\/pages"}],"about":[{"href":"https:\/\/annaroberta.com\/en\/wp-json\/wp\/v2\/types\/page"}],"author":[{"embeddable":true,"href":"https:\/\/annaroberta.com\/en\/wp-json\/wp\/v2\/users\/1"}],"replies":[{"embeddable":true,"href":"https:\/\/annaroberta.com\/en\/wp-json\/wp\/v2\/comments?post=27"}],"version-history":[{"count":37,"href":"https:\/\/annaroberta.com\/en\/wp-json\/wp\/v2\/pages\/27\/revisions"}],"predecessor-version":[{"id":4778,"href":"https:\/\/annaroberta.com\/en\/wp-json\/wp\/v2\/pages\/27\/revisions\/4778"}],"wp:attachment":[{"href":"https:\/\/annaroberta.com\/en\/wp-json\/wp\/v2\/media?parent=27"}],"curies":[{"name":"wp","href":"https:\/\/api.w.org\/{rel}","templated":true}]}}