{"id":1293,"date":"2016-08-03T09:44:22","date_gmt":"2016-08-03T09:44:22","guid":{"rendered":"http:\/\/impreza18.us-themes.com\/?page_id=1293"},"modified":"2023-10-03T18:25:35","modified_gmt":"2023-10-03T15:25:35","slug":"minust","status":"publish","type":"page","link":"https:\/\/annaroberta.com\/en\/minust\/","title":{"rendered":"About"},"content":{"rendered":"<section class=\"l-section wpb_row height_medium with_img parallax_ver with_shape\"><div class=\"l-section-img\" data-img-width=\"2560\" data-img-height=\"1943\" style=\"background-image: url(https:\/\/annaroberta.com\/wp-content\/uploads\/2021\/11\/Swan-Lake-2019-Anna-Roberta-3-scaled.jpg);\"><\/div><div class=\"l-section-overlay\" style=\"background:rgba(0,0,0,0.33)\"><\/div><div class=\"l-section-shape type_triangle pos_bottom\" style=\"height:10vh;\"><svg xmlns=\"http:\/\/www.w3.org\/2000\/svg\" viewbox=\"0 0 64 8\" preserveaspectratio=\"none\" width=\"100%\" height=\"100%\">\r\n\t<path fill=\"currentColor\" d=\"M64 8 L0 8 L0 0 L32 7.9 L64 0 Z\"\/>\r\n<\/svg><\/div><div class=\"l-section-h i-cf\"><div class=\"g-cols vc_row via_flex valign_top type_default stacking_default\"><div class=\"vc_col-sm-12 wpb_column vc_column_container\"><div class=\"vc_column-inner\"><div class=\"wpb_wrapper\"><div class=\"wpb_text_column\"><div class=\"wpb_wrapper\"><h4><span style=\"color: #ffffff;\"><strong><b>Eesti teatri auhinnad 2023 Balletiauhinna laureaat<\/b><\/strong><\/span><\/h4>\n<ul>\n<li style=\"list-style-type: none;\">\n<ul>\n<li style=\"text-align: left;\"><span style=\"color: #ffffff;\"><strong>Grand Prix and I place - International Ballet Competition Liepaja<\/strong><\/span><\/li>\n<li style=\"text-align: left;\"><span style=\"color: #ffffff;\"><strong>III place - Tallinn International Ballet Competition<\/strong><\/span><\/li>\n<li style=\"text-align: left;\"><span style=\"color: #ffffff;\"><strong>2019 Estonian National Opera colleague award winner<\/strong><\/span><\/li>\n<li><span style=\"color: #ffffff;\"><strong>2020 Postimees - awarded Rising Star in list \"100 faces\"<\/strong><\/span><\/li>\n<li style=\"text-align: left;\"><span style=\"color: #ffffff;\"><strong>2020 Estonian Theatre Award nominee<\/strong><\/span><\/li>\n<li style=\"text-align: left;\"><span style=\"color: #ffffff;\"><strong>2021 MyFitness \"Best Female Dancer\" award winner<\/strong><\/span><\/li>\n<\/ul>\n<\/li>\n<\/ul>\n<\/div><\/div><div class=\"w-separator size_medium\"><\/div><\/div><\/div><\/div><\/div><\/div><\/section><!-- Row Backgrounds --><div class=\"upb_bg_img\" data-ultimate-bg=\"url(https:\/\/annaroberta.com\/wp-content\/uploads\/2021\/05\/20200212_LuikedeJa\u0308rv_Anna_Kealan_0035-scaled.jpg)\" data-image-id=\"id^3574|url^https:\/\/annaroberta.com\/wp-content\/uploads\/2021\/05\/20200212_LuikedeJa\u0308rv_Anna_Kealan_0035-scaled.jpg|caption^null|alt^null|title^20200212_LuikedeJa\u0308rv_Anna_Kealan_0035|description^null\" data-ultimate-bg-style=\"vcpb-vz-jquery\" data-bg-img-repeat=\"repeat\" data-bg-img-size=\"cover\" data-bg-img-position=\"\" data-parallx_sense=\"30\" data-bg-override=\"full\" data-bg_img_attach=\"scroll\" data-upb-overlay-color=\"\" data-upb-bg-animation=\"\" data-fadeout=\"\" data-bg-animation=\"left-animation\" data-bg-animation-type=\"h\" data-animation-repeat=\"repeat\" data-fadeout-percentage=\"30\" data-parallax-content=\"\" data-parallax-content-sense=\"30\" data-row-effect-mobile-disable=\"true\" data-img-parallax-mobile-disable=\"true\" data-rtl=\"false\"  data-custom-vc-row=\"\"  data-vc=\"6.13.0\"  data-is_old_vc=\"\"  data-theme-support=\"\"   data-overlay=\"false\" data-overlay-color=\"\" data-overlay-pattern=\"\" data-overlay-pattern-opacity=\"\" data-overlay-pattern-size=\"\"    ><\/div><section class=\"l-section wpb_row height_medium\"><div class=\"l-section-h i-cf\"><div class=\"g-cols vc_row via_flex valign_top type_default stacking_default\"><div class=\"vc_col-sm-6 wpb_column vc_column_container\"><div class=\"vc_column-inner\"><div class=\"wpb_wrapper\"><div class=\"w-image align_none\"><div class=\"w-image-h\"><img decoding=\"async\" width=\"683\" height=\"1024\" src=\"https:\/\/annaroberta.com\/wp-content\/uploads\/2023\/10\/Anna-Roberta-portreepilt-683x1024.jpg\" class=\"attachment-large size-large\" alt=\"\" srcset=\"https:\/\/annaroberta.com\/wp-content\/uploads\/2023\/10\/Anna-Roberta-portreepilt-683x1024.jpg 683w, https:\/\/annaroberta.com\/wp-content\/uploads\/2023\/10\/Anna-Roberta-portreepilt-200x300.jpg 200w, https:\/\/annaroberta.com\/wp-content\/uploads\/2023\/10\/Anna-Roberta-portreepilt-8x12.jpg 8w, https:\/\/annaroberta.com\/wp-content\/uploads\/2023\/10\/Anna-Roberta-portreepilt-16x24.jpg 16w, https:\/\/annaroberta.com\/wp-content\/uploads\/2023\/10\/Anna-Roberta-portreepilt-267x400.jpg 267w, https:\/\/annaroberta.com\/wp-content\/uploads\/2023\/10\/Anna-Roberta-portreepilt-scaled.jpg 1706w\" sizes=\"(max-width: 683px) 100vw, 683px\" \/><\/div><\/div><\/div><\/div><\/div><div class=\"vc_col-sm-6 wpb_column vc_column_container\"><div class=\"vc_column-inner\"><div class=\"wpb_wrapper\"><div class=\"wpb_text_column\"><div class=\"wpb_wrapper\"><p>My name is Anna Roberta. As a small secret between just us two, I also have a third name, but that's a story for another time. I am old enough to have lived in two different centuries and can barely spell out the city I was born in. But my home has always been in Estonia.<\/p>\n<p>Elukutselt olen professionaalne balletiartist ja t\u00f6\u00f6tan Eesti Rahvusballetis esitantsijana. Kui aega \u00fcle on, tegelen nii kaamera taga kui ees olemisega ning erinevat sorti s\u00fcndmustele balletinumbrite lavastamise ning esitamisega.<\/p>\n<p>Since I want my children and grandchildren to have a beautiful world to live in, I do my best to take care of the environment and live a sustainable life.<\/p>\n<p>I love a well made coconut milk cappuccino, good food, warm weathers and pleasant company. Ideally all of these together. I enjoy meeting new people and discussing everything in the world. If we end up in a conversation I have something to learn from, better be ready for endless questions.<\/p>\n<\/div><\/div><\/div><\/div><\/div><\/div><\/div><\/section>","protected":false},"excerpt":{"rendered":"Eesti teatri auhinnad 2023 Balletiauhinna laureaat Grand Prix ja I koht balletikonkurss Liepaja III koht Tallinna Rahvusvaheline Balletikonkurss 2019 Rahvusooper Estonia\u00a0 aasta kollegipreemia laureaat 2020 aasta Postimehe \u201c100 n\u00e4gu\u201d T\u00f5usev T\u00e4ht 2020 Eesti Teatri Aastaauhindade nominent balletikategoorias 2021 aasta MyFitness auhinna \u201cParim naistantsija\u201d laureaat Mina olen Anna Roberta. Pisikese meievahelise saladusena v\u00f5in \u00f6elda, et tegelikult...","protected":false},"author":1,"featured_media":0,"parent":0,"menu_order":0,"comment_status":"closed","ping_status":"closed","template":"","meta":{"footnotes":""},"class_list":["post-1293","page","type-page","status-publish","hentry"],"yoast_head":"<!-- This site is optimized with the Yoast SEO plugin v21.6 - https:\/\/yoast.com\/wordpress\/plugins\/seo\/ -->\n<title>Minust - Anna Roberta<\/title>\n<meta name=\"robots\" content=\"index, follow, max-snippet:-1, max-image-preview:large, max-video-preview:-1\" \/>\n<link rel=\"canonical\" href=\"https:\/\/annaroberta.com\/en\/minust\/\" \/>\n<meta property=\"og:locale\" content=\"en_US\" \/>\n<meta property=\"og:type\" content=\"article\" \/>\n<meta property=\"og:title\" content=\"Minust - Anna Roberta\" \/>\n<meta property=\"og:url\" content=\"https:\/\/annaroberta.com\/en\/minust\/\" \/>\n<meta property=\"og:site_name\" content=\"Anna Roberta\" \/>\n<meta property=\"article:modified_time\" content=\"2023-10-03T15:25:35+00:00\" \/>\n<meta name=\"twitter:card\" content=\"summary_large_image\" \/>\n<meta name=\"twitter:label1\" content=\"Est. reading time\" \/>\n\t<meta name=\"twitter:data1\" content=\"1 minute\" \/>\n<script type=\"application\/ld+json\" class=\"yoast-schema-graph\">{\"@context\":\"https:\/\/schema.org\",\"@graph\":[{\"@type\":\"WebPage\",\"@id\":\"https:\/\/annaroberta.com\/minust\/\",\"url\":\"https:\/\/annaroberta.com\/minust\/\",\"name\":\"Minust - Anna Roberta\",\"isPartOf\":{\"@id\":\"https:\/\/annaroberta.com\/#website\"},\"datePublished\":\"2016-08-03T09:44:22+00:00\",\"dateModified\":\"2023-10-03T15:25:35+00:00\",\"breadcrumb\":{\"@id\":\"https:\/\/annaroberta.com\/minust\/#breadcrumb\"},\"inLanguage\":\"en-US\",\"potentialAction\":[{\"@type\":\"ReadAction\",\"target\":[\"https:\/\/annaroberta.com\/minust\/\"]}]},{\"@type\":\"BreadcrumbList\",\"@id\":\"https:\/\/annaroberta.com\/minust\/#breadcrumb\",\"itemListElement\":[{\"@type\":\"ListItem\",\"position\":1,\"name\":\"Anna Roberta\",\"item\":\"https:\/\/annaroberta.com\/\"},{\"@type\":\"ListItem\",\"position\":2,\"name\":\"Minust\"}]},{\"@type\":\"WebSite\",\"@id\":\"https:\/\/annaroberta.com\/#website\",\"url\":\"https:\/\/annaroberta.com\/\",\"name\":\"Anna Roberta\",\"description\":\"Eesti Rahvusballeti esitantsija\",\"publisher\":{\"@id\":\"https:\/\/annaroberta.com\/#\/schema\/person\/76369af4c4095611389eacea884062e4\"},\"potentialAction\":[{\"@type\":\"SearchAction\",\"target\":{\"@type\":\"EntryPoint\",\"urlTemplate\":\"https:\/\/annaroberta.com\/?s={search_term_string}\"},\"query-input\":\"required name=search_term_string\"}],\"inLanguage\":\"en-US\"},{\"@type\":[\"Person\",\"Organization\"],\"@id\":\"https:\/\/annaroberta.com\/#\/schema\/person\/76369af4c4095611389eacea884062e4\",\"name\":\"Anna Roberta\",\"image\":{\"@type\":\"ImageObject\",\"inLanguage\":\"en-US\",\"@id\":\"https:\/\/annaroberta.com\/#\/schema\/person\/image\/\",\"url\":\"https:\/\/secure.gravatar.com\/avatar\/a7ccf10744a8af44a09a734fc3e6b78bdfe25b2c4cdcf1201161d10703de5211?s=96&d=mm&r=g\",\"contentUrl\":\"https:\/\/secure.gravatar.com\/avatar\/a7ccf10744a8af44a09a734fc3e6b78bdfe25b2c4cdcf1201161d10703de5211?s=96&d=mm&r=g\",\"caption\":\"Anna Roberta\"},\"logo\":{\"@id\":\"https:\/\/annaroberta.com\/#\/schema\/person\/image\/\"},\"sameAs\":[\"https:\/\/annaroberta.com\"]}]}<\/script>\n<!-- \/ Yoast SEO plugin. -->","yoast_head_json":{"title":"Minust - Anna Roberta","robots":{"index":"index","follow":"follow","max-snippet":"max-snippet:-1","max-image-preview":"max-image-preview:large","max-video-preview":"max-video-preview:-1"},"canonical":"https:\/\/annaroberta.com\/en\/minust\/","og_locale":"en_US","og_type":"article","og_title":"Minust - Anna Roberta","og_url":"https:\/\/annaroberta.com\/en\/minust\/","og_site_name":"Anna Roberta","article_modified_time":"2023-10-03T15:25:35+00:00","twitter_card":"summary_large_image","twitter_misc":{"Est. reading time":"1 minute"},"schema":{"@context":"https:\/\/schema.org","@graph":[{"@type":"WebPage","@id":"https:\/\/annaroberta.com\/minust\/","url":"https:\/\/annaroberta.com\/minust\/","name":"Minust - Anna Roberta","isPartOf":{"@id":"https:\/\/annaroberta.com\/#website"},"datePublished":"2016-08-03T09:44:22+00:00","dateModified":"2023-10-03T15:25:35+00:00","breadcrumb":{"@id":"https:\/\/annaroberta.com\/minust\/#breadcrumb"},"inLanguage":"en-US","potentialAction":[{"@type":"ReadAction","target":["https:\/\/annaroberta.com\/minust\/"]}]},{"@type":"BreadcrumbList","@id":"https:\/\/annaroberta.com\/minust\/#breadcrumb","itemListElement":[{"@type":"ListItem","position":1,"name":"Anna Roberta","item":"https:\/\/annaroberta.com\/"},{"@type":"ListItem","position":2,"name":"Minust"}]},{"@type":"WebSite","@id":"https:\/\/annaroberta.com\/#website","url":"https:\/\/annaroberta.com\/","name":"Anna Roberta","description":"Eesti Rahvusballeti esitantsija","publisher":{"@id":"https:\/\/annaroberta.com\/#\/schema\/person\/76369af4c4095611389eacea884062e4"},"potentialAction":[{"@type":"SearchAction","target":{"@type":"EntryPoint","urlTemplate":"https:\/\/annaroberta.com\/?s={search_term_string}"},"query-input":"required name=search_term_string"}],"inLanguage":"en-US"},{"@type":["Person","Organization"],"@id":"https:\/\/annaroberta.com\/#\/schema\/person\/76369af4c4095611389eacea884062e4","name":"Anna Roberta","image":{"@type":"ImageObject","inLanguage":"en-US","@id":"https:\/\/annaroberta.com\/#\/schema\/person\/image\/","url":"https:\/\/secure.gravatar.com\/avatar\/a7ccf10744a8af44a09a734fc3e6b78bdfe25b2c4cdcf1201161d10703de5211?s=96&d=mm&r=g","contentUrl":"https:\/\/secure.gravatar.com\/avatar\/a7ccf10744a8af44a09a734fc3e6b78bdfe25b2c4cdcf1201161d10703de5211?s=96&d=mm&r=g","caption":"Anna Roberta"},"logo":{"@id":"https:\/\/annaroberta.com\/#\/schema\/person\/image\/"},"sameAs":["https:\/\/annaroberta.com"]}]}},"_links":{"self":[{"href":"https:\/\/annaroberta.com\/en\/wp-json\/wp\/v2\/pages\/1293","targetHints":{"allow":["GET"]}}],"collection":[{"href":"https:\/\/annaroberta.com\/en\/wp-json\/wp\/v2\/pages"}],"about":[{"href":"https:\/\/annaroberta.com\/en\/wp-json\/wp\/v2\/types\/page"}],"author":[{"embeddable":true,"href":"https:\/\/annaroberta.com\/en\/wp-json\/wp\/v2\/users\/1"}],"replies":[{"embeddable":true,"href":"https:\/\/annaroberta.com\/en\/wp-json\/wp\/v2\/comments?post=1293"}],"version-history":[{"count":35,"href":"https:\/\/annaroberta.com\/en\/wp-json\/wp\/v2\/pages\/1293\/revisions"}],"predecessor-version":[{"id":3992,"href":"https:\/\/annaroberta.com\/en\/wp-json\/wp\/v2\/pages\/1293\/revisions\/3992"}],"wp:attachment":[{"href":"https:\/\/annaroberta.com\/en\/wp-json\/wp\/v2\/media?parent=1293"}],"curies":[{"name":"wp","href":"https:\/\/api.w.org\/{rel}","templated":true}]}}